{"id":162,"date":"2025-11-02T23:19:26","date_gmt":"2025-11-02T22:19:26","guid":{"rendered":"https:\/\/siapro-hydro.devroom.si\/?page_id=162"},"modified":"2025-11-16T22:36:48","modified_gmt":"2025-11-16T21:36:48","slug":"o-siapro-group","status":"publish","type":"page","link":"https:\/\/siapro-hydro.devroom.si\/en\/o-nas\/o-siapro-group\/","title":{"rendered":"O Siapro Group"},"content":{"rendered":"<section class=\"bde-section-162-316 bde-section\">\n              \n  \n  \n\t\n\n\n\n<div class=\"section-container\"><h1 class=\"bde-heading-162-102 bde-heading\">\nO SIAPRO GROUP\n<\/h1><div class=\"bde-text-162-320 bde-text\">\nInovativne re\u0161itve za industrijsko avtomatizacijo in trajnostni razvoj.\n<\/div><\/div>\n<\/section><section class=\"bde-section-162-332 bde-section\">\n  \n  \n\t\n\n\n\n<div class=\"section-container\"><h2 class=\"bde-heading-162-333 bde-heading\">\nO podjetju\n<\/h2><div class=\"bde-text-162-334 bde-text\">\nSIAPRO GROUP je mednarodno priznana skupina podjetij, ki zdru\u017euje razli\u010dna podro\u010dja industrijske proizvodnje in razvoja.\n<\/div><div class=\"bde-columns-162-335 bde-columns\"><div class=\"bde-column-162-336 bde-column\">\n  \n  \n\t\n\n\n\n<div class=\"bde-icon-box-162-337 bde-icon-box\">\n\n    \n            <div class=\"ee-iconbox-icon breakdance-icon-atom\" >\n    \n                    <svg xmlns=\"http:\/\/www.w3.org\/2000\/svg\" width=\"24\" height=\"24\" viewbox=\"0 0 24 24\" fill-rule=\"evenodd\" clip-rule=\"evenodd\"><path d=\"M12 2h2v2h2v3.702l7 2.618v12.68h1v1h-24v-1h1v-11h6v-8h2v-2h2v-2h1v2zm3 3h-7v18h1v-2h5v2h1v-18zm-2 17h-3v1h3v-1zm8 1h1v-11.987l-6-2.243v14.23h1v-2h4v2zm-14-10h-5v10h1v-2h3v2h1v-10zm-2 9h-1v1h1v-1zm15 0h-2v1h2v-1zm-16-5v2h-1v-2h1zm2 0v2h-1v-2h1zm5-10v12h-1v-12h1zm10 11v1h-4v-1h4zm-8-11v12h-1v-12h1zm8 9v1h-4v-1h4zm-17-2v2h-1v-2h1zm2 0v2h-1v-2h1zm15 0v1h-4v-1h4zm0-2v1h-4v-1h4zm-8-9h-3v1h3v-1z\"\/><\/svg>\n        \n        \n        \n            <\/div>\n    \n\n<div class=\"ee-iconbox-content\">\n      <p class=\"ee-iconbox-title bde-h3\" >Siapro<\/p>\n        <div class=\"ee-iconbox-text\" >Stroji za peskanje, oprema za avtomatizacijo proizvodnje, livarska oprema.<\/div>\n    <\/div>\n\n<\/div>\n<\/div><div class=\"bde-column-162-338 bde-column\">\n  \n  \n\t\n\n\n\n<div class=\"bde-icon-box-162-339 bde-icon-box\">\n\n    \n            <div class=\"ee-iconbox-icon breakdance-icon-atom\" >\n    \n                    <svg xmlns=\"http:\/\/www.w3.org\/2000\/svg\" width=\"24\" height=\"24\" viewbox=\"0 0 24 24\" fill-rule=\"evenodd\" clip-rule=\"evenodd\"><path d=\"M2.5 11.059l-2.5 2.5 2.5 2.499 2.5-2.499-2.5-2.5zm0 1.414l1.086 1.086-1.086 1.085-1.086-1.085 1.086-1.086zm.352 6.151l-.923 1.703-1.906.35 1.335 1.403-.254 1.92 1.748-.836 1.747.836-.255-1.92 1.335-1.403-1.905-.35-.922-1.703zm0 1.68l.401.74.828.152-.58.61.111.835-.76-.364-.761.364.111-.835-.58-.61.828-.152.402-.74zm17.875-17.412l-1.066 1.971-2.205.406 1.544 1.624-.294 2.222 2.021-.967 2.023.967-.294-2.222 1.544-1.624-2.205-.406-1.068-1.971zm.001 1.89l.481.888.994.183-.697.731.134 1.002-.913-.435-.911.435.134-1.002-.697-.731.995-.183.48-.888zm-18.414-.821c-.46 0-.883.212-1.104.553-.669 1.033.412 2.38 1.74 2.38.58 0 1.093-.268 1.444-.755l3.212-4.379-.502-.366-2.931 3.97c-.449-.626-.908-1.403-1.859-1.403m.636 3.932c-.744 0-1.495-.293-2.059-.804-.592-.536-.895-1.263-.875-1.971.012-.402.128-.797.354-1.147.404-.623 1.149-1.01 1.944-1.01.677 0 1.31.265 1.832.757l2.745-3.718 2.114 1.543-3.802 5.183c-.541.752-1.342 1.167-2.253 1.167m14.443 12.42c-.776 0-1.359.387-1.6 1.06-.334.935.523 1.607 1.525 1.607.322 0 1.405-.088 1.813-1.232l1.671-4.697.561.697c.75.933 1.119 1.61 1.294 2.161.136-.196.235-.375.291-.531.179-.505-.145-.98-.7-1.702-.481-.624-1.063-1.379-.997-2.289l-.475-.184-1.931 5.478c-.963-.36-1.108-.368-1.452-.368m-.075 3.667c-.886 0-1.952-.392-2.41-1.355-.234-.489-.252-1.038-.056-1.588.465-1.309 1.873-1.985 3.379-1.621l1.943-5.515 2.263.871c-.246.779-.427.956.603 2.294.457.593.96 1.248.96 2.022 0 1.076-.951 1.962-2.264 3.28.083-1.724.229-2.021-.605-3.258l-1.058 2.974c-.499 1.398-1.75 1.896-2.755 1.896m-10.574-14.985l2.806 7.153-.599.109c-.717.129-1.338.58-1.66 1.206-.258.501-.286 1.044-.075 1.491.355.752 1.248 1.05 2.053.737.911-.357 1.94-1.508 1.377-2.949l-2.431-6.196 5.812-3.87 2.222 5.664-.489.172c-.721.255-1.994 1.147-1.475 2.467.398 1.015 1.386.909 1.908.705.927-.363 1.679-1.382 1.139-2.765l-3.411-8.694-7.177 4.77zm1.851 11.825c-1.004 0-1.858-.538-2.283-1.44-.345-.731-.312-1.596.089-2.375.374-.726 1.022-1.286 1.793-1.573l-2.675-6.823 8.881-5.903 3.863 9.849c.746 1.913-.321 3.518-1.705 4.06-.653.257-2.477.577-3.205-1.271-.686-1.753.615-3.073 1.599-3.572l-1.404-3.576-4.107 2.736 2.136 5.445c.739 1.89-.408 3.643-1.943 4.246-.336.131-.685.197-1.039.197\"\/><\/svg>\n        \n        \n        \n            <\/div>\n    \n\n<div class=\"ee-iconbox-content\">\n      <p class=\"ee-iconbox-title bde-h3\" >Hydro power plants<\/p>\n        <div class=\"ee-iconbox-text\" >Male hidroelektrarne, proizvodnja obnovljivih virov energije, industrijske re\u0161itve za energetsko u\u010dinkovitost.<\/div>\n    <\/div>\n\n<\/div>\n<\/div><div class=\"bde-column-162-340 bde-column\">\n  \n  \n\t\n\n\n\n<div class=\"bde-icon-box-162-341 bde-icon-box\">\n\n    \n            <div class=\"ee-iconbox-icon breakdance-icon-atom\" >\n    \n                    <svg xmlns=\"http:\/\/www.w3.org\/2000\/svg\" width=\"24\" height=\"24\" viewbox=\"0 0 24 24\" fill-rule=\"evenodd\" clip-rule=\"evenodd\"><path d=\"M12 2h2v2h2v3.702l7 2.618v12.68h1v1h-24v-1h1v-11h6v-8h2v-2h2v-2h1v2zm3 3h-7v18h1v-2h5v2h1v-18zm-2 17h-3v1h3v-1zm8 1h1v-11.987l-6-2.243v14.23h1v-2h4v2zm-14-10h-5v10h1v-2h3v2h1v-10zm-2 9h-1v1h1v-1zm15 0h-2v1h2v-1zm-16-5v2h-1v-2h1zm2 0v2h-1v-2h1zm5-10v12h-1v-12h1zm10 11v1h-4v-1h4zm-8-11v12h-1v-12h1zm8 9v1h-4v-1h4zm-17-2v2h-1v-2h1zm2 0v2h-1v-2h1zm15 0v1h-4v-1h4zm0-2v1h-4v-1h4zm-8-9h-3v1h3v-1z\"\/><\/svg>\n        \n        \n        \n            <\/div>\n    \n\n<div class=\"ee-iconbox-content\">\n      <p class=\"ee-iconbox-title bde-h3\" >Strojrem<\/p>\n        <div class=\"ee-iconbox-text\" >Industrijski transporterji, transport sipkih in kosovnih materialov, re\u0161itve za industrijo recikla\u017ee<\/div>\n    <\/div>\n\n<\/div>\n<\/div><\/div><div class=\"bde-text-162-392 bde-text\">\nProizvodnja poteka v Sloveniji in v podjetju Strojrem na Hrva\u0161kem, skupino pa dopolnjuje mre\u017ea prodajnih agentov po razli\u010dnih dr\u017eavah.\n<\/div><\/div>\n<\/section><section class=\"bde-section-162-385 bde-section\">\n              \n  \n  \n\t\n\n  <div class=\"section-background-overlay\"><\/div>\n\n\n<div class=\"section-container\"><div class=\"bde-columns-162-387 bde-columns\"><div class=\"bde-column-162-388 bde-column\">\n  \n  \n\t\n\n\n\n<div class=\"bde-rich-text-162-389 bde-rich-text breakdance-rich-text-styles\">\n<h3>Kje se uporabljajo na\u0161e re\u0161itve<\/h3>\n<ul>\n<li>Proizvodnje s peskanjem in povr\u0161insko obdelavo kovin<\/li>\n<li>Livarne in jeklarne<\/li>\n<li>Sorodne industrijske panoge<\/li>\n<li>Razne panoge z avtomatizacijo proizvodnje<\/li>\n<li>Razne proizvodnje za transport materiala<\/li>\n<li>Proizvodnje obnovljivih virov energije<\/li>\n<\/ul>\n<h3>\u0160iritev proizvodnih kapacitet<\/h3>\n<p data-start=\"858\" data-end=\"993\">V letu 2022 smo izvedli <strong data-start=\"882\" data-end=\"920\">investicijo ve\u010d kot 2 milijona EUR<\/strong> z nakupom hrva\u0161kega podjetja <strong data-start=\"950\" data-end=\"962\">Strojrem<\/strong>.<br data-start=\"963\" data-end=\"966\" \/>Ta korak nam je omogo\u010dil:<\/p>\n<ul>\n<li>pove\u010danje proizvodnih zmogljivosti,<\/li>\n<li>raz\u0161iritev prodajnega programa na podro\u010dje opreme za transport sipkih in kosovnih materialov ter<\/li>\n<li>ustvarjanje pogojev za nadaljnje pove\u010danje proizvodnih kapacitet in rast na\u0161e ponudbe.<\/li>\n<\/ul>\n<\/div>\n<\/div><div class=\"bde-column-162-390 bde-column\">\n  \n  \n\t\n\n\n\n<img decoding=\"async\" class=\"bde-image2-162-397 bde-image2\" src=\"https:\/\/siapro-hydro.devroom.si\/wp-content\/uploads\/2025\/11\/peskalni_stroj_proizvodnja.png\" loading=\"lazy\" srcset=\"https:\/\/siapro-hydro.devroom.si\/wp-content\/uploads\/2025\/11\/peskalni_stroj_proizvodnja.png 1701w, https:\/\/siapro-hydro.devroom.si\/wp-content\/uploads\/2025\/11\/peskalni_stroj_proizvodnja-300x225.png 300w, https:\/\/siapro-hydro.devroom.si\/wp-content\/uploads\/2025\/11\/peskalni_stroj_proizvodnja-1024x766.png 1024w, https:\/\/siapro-hydro.devroom.si\/wp-content\/uploads\/2025\/11\/peskalni_stroj_proizvodnja-768x575.png 768w, https:\/\/siapro-hydro.devroom.si\/wp-content\/uploads\/2025\/11\/peskalni_stroj_proizvodnja-1536x1150.png 1536w, https:\/\/siapro-hydro.devroom.si\/wp-content\/uploads\/2025\/11\/peskalni_stroj_proizvodnja-16x12.png 16w\" sizes=\"(max-width: 1701px) 100vw, 1701px\">\n<\/div><\/div><\/div>\n<\/section><section class=\"bde-section-162-342 bde-section\">\n  \n  \n\t\n\n\n\n<div class=\"section-container\"><div class=\"bde-text-162-343 bde-text\">\nZgodovina v \u0161tevilkah\n<\/div><h2 class=\"bde-heading-162-344 bde-heading\">\nZgodovina\n<\/h2><div class=\"bde-text-162-345 bde-text\">\n\u010casovnica razvoja Siapro Group\n<\/div><div class=\"bde-div-162-346 bde-div\">\n  \n  \n\t\n\n\n\n<div class=\"bde-div-162-347 bde-div\">\n  \n  \n\t\n\n\n\n<h3 class=\"bde-heading-162-348 bde-heading\">\nUstanovitev podjetja\n<\/h3><div class=\"bde-text-162-349 bde-text\">\n28. september, 1993\n<\/div><div class=\"bde-text-162-350 bde-text\">\nPodjetje je sprva delovalo na podro\u010dju projektiranja malih hidroelektrarn.\n<\/div>\n<\/div><div class=\"bde-div-162-351 bde-div\">\n  \n  \n\t\n\n\n\n<div class=\"bde-icon-162-352 bde-icon\">\n\n    \n            <div class=\"bde-icon-icon breakdance-icon-atom\" >\n    \n                    <svg xmlns=\"http:\/\/www.w3.org\/2000\/svg\" width=\"24\" height=\"24\" viewbox=\"0 0 24 24\" fill-rule=\"evenodd\" clip-rule=\"evenodd\"><path d=\"M7.285 1.942h.005-.005zm-4.133-1.942l-.765 2.412-2.359.917 2.057 1.474.144 2.527 2.038-1.501 2.447.643-.798-2.401 1.369-2.129-2.531.017-1.602-1.959zm.395 2.062l.736.901 1.162-.009-.629.978.366 1.104-1.123-.296-.937.69-.066-1.161-.945-.677 1.084-.422.352-1.108zm3.027 5.938l-3.619.469c.418 4.888-1.546 10.626-2.955 14.531 2.036-2.653 6.729-7.553 6.574-15m-1.016 1.14c-.164 3.308-1.348 6.078-2.705 8.308.69-2.563 1.225-5.419 1.152-8.107l1.553-.201zm15.269 2.436l-1.572 1.983-2.532.02 1.4 2.109-.763 2.413 2.439-.68 2.058 1.471.108-2.528 2.035-1.504-2.371-.883-.802-2.401zm-.363 2.068l.368 1.103 1.09.406-.936.691-.05 1.161-.945-.676-1.121.313.351-1.109-.643-.968 1.163-.009.723-.912zm-4.942.693c-6.271 1.285-12.065 6.879-13.919 9.663 5.435-3.695 10.819-5.736 14.592-6.001l-.673-3.662zm-.792 1.221l.287 1.563c-2.335.334-5.027 1.209-7.81 2.517 2.125-1.697 4.738-3.298 7.523-4.08m-5.805-.305c.276-.01.492-.241.483-.517-.101-2.966.579-3.95 2.91-4.211 2.769-.312 2.914-2.021 3.02-3.268.101-1.2.163-1.924 1.813-2.046 1.542-.113 2.398-.423 2.953-1.07.606-.706.791-1.771.641-3.678-.022-.275-.284-.475-.537-.459-.276.022-.482.263-.459.538.125 1.591.004 2.472-.403 2.947-.359.418-1.038.635-2.268.725-2.501.184-2.637 1.788-2.737 2.959-.105 1.241-.181 2.138-2.134 2.357-3.288.37-3.896 2.362-3.798 5.24.008.27.23.483.499.483h.017zm2.075-13.253c-1.104 0-2 .896-2 2s.896 2 2 2c1.103 0 2-.896 2-2s-.897-2-2-2m0 1c.551 0 1 .448 1 1 0 .551-.449 1-1 1-.551 0-1-.449-1-1 0-.552.449-1 1-1m10.011 2.978c-1.11 0-2.011.901-2.011 2.011s.901 2.011 2.011 2.011 2.011-.901 2.011-2.011-.901-2.011-2.011-2.011m0 1c.557 0 1.011.453 1.011 1.011 0 .557-.454 1.011-1.011 1.011-.558 0-1.011-.454-1.011-1.011 0-.558.453-1.011 1.011-1.011\"\/><\/svg>\n        \n        \n        \n            <\/div>\n    \n\n\n<\/div><div class=\"bde-div-162-353 bde-div\">\n  \n  \n\t\n\n\n\n\n<\/div>\n<\/div>\n<\/div><div class=\"bde-div-162-370 bde-div\">\n  \n  \n\t\n\n\n\n<div class=\"bde-div-162-371 bde-div\">\n  \n  \n\t\n\n\n\n<div class=\"bde-icon-162-372 bde-icon\">\n\n    \n            <div class=\"bde-icon-icon breakdance-icon-atom\" >\n    \n                    <svg xmlns=\"http:\/\/www.w3.org\/2000\/svg\" viewbox=\"0 0 640 512\"><!--! Font Awesome Free 6.5.1 by @fontawesome - https:\/\/fontawesome.com License - https:\/\/fontawesome.com\/license\/free (Icons: CC BY 4.0, Fonts: SIL OFL 1.1, Code: MIT License) Copyright 2023 Fonticons, Inc. --><path d=\"M48 0C21.5 0 0 21.5 0 48V464c0 26.5 21.5 48 48 48h96V432c0-26.5 21.5-48 48-48s48 21.5 48 48v80h96c15.1 0 28.5-6.9 37.3-17.8C340.4 462.2 320 417.5 320 368c0-54.7 24.9-103.5 64-135.8V48c0-26.5-21.5-48-48-48H48zM64 240c0-8.8 7.2-16 16-16h32c8.8 0 16 7.2 16 16v32c0 8.8-7.2 16-16 16H80c-8.8 0-16-7.2-16-16V240zm112-16h32c8.8 0 16 7.2 16 16v32c0 8.8-7.2 16-16 16H176c-8.8 0-16-7.2-16-16V240c0-8.8 7.2-16 16-16zm80 16c0-8.8 7.2-16 16-16h32c8.8 0 16 7.2 16 16v32c0 8.8-7.2 16-16 16H272c-8.8 0-16-7.2-16-16V240zM80 96h32c8.8 0 16 7.2 16 16v32c0 8.8-7.2 16-16 16H80c-8.8 0-16-7.2-16-16V112c0-8.8 7.2-16 16-16zm80 16c0-8.8 7.2-16 16-16h32c8.8 0 16 7.2 16 16v32c0 8.8-7.2 16-16 16H176c-8.8 0-16-7.2-16-16V112zM272 96h32c8.8 0 16 7.2 16 16v32c0 8.8-7.2 16-16 16H272c-8.8 0-16-7.2-16-16V112c0-8.8 7.2-16 16-16zM640 368a144 144 0 1 0 -288 0 144 144 0 1 0 288 0zm-76.7-43.3c6.2 6.2 6.2 16.4 0 22.6l-72 72c-6.2 6.2-16.4 6.2-22.6 0l-40-40c-6.2-6.2-6.2-16.4 0-22.6s16.4-6.2 22.6 0L480 385.4l60.7-60.7c6.2-6.2 16.4-6.2 22.6 0z\"\/><\/svg>\n        \n        \n        \n            <\/div>\n    \n\n\n<\/div><div class=\"bde-div-162-373 bde-div\">\n  \n  \n\t\n\n\n\n\n<\/div>\n<\/div><div class=\"bde-div-162-374 bde-div\">\n  \n  \n\t\n\n\n\n<h3 class=\"bde-heading-162-375 bde-heading\">\nNakup podjetja Strojrem\n<\/h3><div class=\"bde-text-162-376 bde-text\">\n2022\n<\/div><div class=\"bde-text-162-377 bde-text\">\nZ nakupom hrva\u0161kega podjetja Strojrem so se bistveno pove\u010dale proizvodne kapacitete in mo\u017enosti za nadaljnji razvoj.\n<\/div>\n<\/div>\n<\/div><div class=\"bde-div-162-362 bde-div\">\n  \n  \n\t\n\n\n\n<div class=\"bde-div-162-363 bde-div\">\n  \n  \n\t\n\n\n\n<h3 class=\"bde-heading-162-364 bde-heading\">\n\u0160iritev ponudbe\n<\/h3><div class=\"bde-text-162-365 bde-text\">\n2025\n<\/div><div class=\"bde-text-162-366 bde-text\">\nProdajnemu programu sta se pridru\u017eila peskalna oprema in livarska oprema, s \u010dimer se je ponudba podjetja \u0161e raz\u0161irila.\n<\/div>\n<\/div><div class=\"bde-div-162-367 bde-div\">\n  \n  \n\t\n\n\n\n<div class=\"bde-icon-162-368 bde-icon\">\n\n    \n            <div class=\"bde-icon-icon breakdance-icon-atom\" >\n    \n                    <svg xmlns=\"http:\/\/www.w3.org\/2000\/svg\" width=\"24\" height=\"24\" viewbox=\"0 0 24 24\" fill-rule=\"evenodd\" clip-rule=\"evenodd\"><path d=\"M22 21c.53 0 1.039.211 1.414.586.376.375.586.884.586 1.414v1h-6v-1c0-1.104.896-2 2-2h2zm-7 0c.53 0 1.039.211 1.414.586.376.375.586.884.586 1.414v1h-6v-1c0-1.104.896-2 2-2h2zm7 1h-2c-.551 0-1 .448-1 1h4c0-.564-.461-1-1-1zm-7 0h-2c-.551 0-1 .448-1 1h4c0-.564-.461-1-1-1zm-6.758-1.216c-.025.679-.576 1.21-1.256 1.21-.64 0-1.179-.497-1.254-1.156l-.406-4.034-.317 4.019c-.051.656-.604 1.171-1.257 1.171-.681 0-1.235-.531-1.262-1.21l-.262-6.456-.308.555c-.241.437-.8.638-1.265.459-.404-.156-.655-.538-.655-.951 0-.093.012-.188.039-.283l1.134-4.098c.17-.601.725-1.021 1.351-1.021h4.096c.511 0 1.012-.178 1.285-.33.723-.403 2.439-1.369 3.136-1.793.394-.243.949-.147 1.24.217.32.396.286.95-.074 1.297l-3.048 2.906c-.375.359-.595.849-.617 1.381-.061 1.397-.3 8.117-.3 8.117zm-5.718-10.795c-.18 0-.34.121-.389.294-.295 1.04-1.011 3.666-1.134 4.098l1.511-2.593c.172-.295.623-.18.636.158l.341 8.797c.01.278.5.287.523.002 0 0 .269-3.35.308-3.944.041-.599.449-1.017.992-1.017.547.002.968.415 1.029 1.004.036.349.327 3.419.385 3.938.043.378.505.326.517.022 0 0 .239-6.725.3-8.124.033-.791.362-1.523.925-2.061l3.045-2.904c-.661.492-2.393 1.468-3.121 1.873-.396.221-1.07.457-1.772.457h-4.096zm18.476 6.011c-1.305 0-2.364 1.06-2.364 2.364 0 1.305 1.059 2.365 2.364 2.365s2.364-1.06 2.364-2.365c0-1.304-1.059-2.364-2.364-2.364zm-7 0c-1.305 0-2.364 1.06-2.364 2.364 0 1.305 1.059 2.365 2.364 2.365s2.364-1.06 2.364-2.365c0-1.304-1.059-2.364-2.364-2.364zm7 1c.752 0 1.364.612 1.364 1.364 0 .753-.612 1.365-1.364 1.365-.752 0-1.364-.612-1.364-1.365 0-.752.612-1.364 1.364-1.364zm-7 0c.752 0 1.364.612 1.364 1.364 0 .753-.612 1.365-1.364 1.365-.752 0-1.364-.612-1.364-1.365 0-.752.612-1.364 1.364-1.364zm10-2h-14.658v-1h7.658v-1h3v1h3v-13h-22v7l-1 3v-11h24v15zm-6-6h-4v-1h4v1zm-12.727-5c-1.278 0-2.315 1.038-2.315 2.316 0 1.278 1.037 2.316 2.315 2.316s2.316-1.038 2.316-2.316c0-1.278-1.038-2.316-2.316-2.316zm0 1c.726 0 1.316.59 1.316 1.316 0 .726-.59 1.316-1.316 1.316-.725 0-1.315-.59-1.315-1.316 0-.726.59-1.316 1.315-1.316zm15.727 2h-7v-1h7v1zm0-2h-7v-1h7v1z\"\/><\/svg>\n        \n        \n        \n            <\/div>\n    \n\n\n<\/div><div class=\"bde-div-162-369 bde-div\">\n  \n  \n\t\n\n\n\n\n<\/div>\n<\/div>\n<\/div><div class=\"bde-div-162-378 bde-div\">\n  \n  \n\t\n\n\n\n<div class=\"bde-div-162-379 bde-div\">\n  \n  \n\t\n\n\n\n<h3 class=\"bde-heading-162-380 bde-heading\">\nPrenova celostne podobe\n<\/h3><div class=\"bde-text-162-381 bde-text\">\n2025\n<\/div><div class=\"bde-text-162-382 bde-text\">\nPodjetje je posodobilo izgled strojev in celostno grafi\u010dno podobo, pri \u010demer je modro barvo zamenjala kombinacija zelene in antracitno sive.\n<\/div>\n<\/div><div class=\"bde-div-162-383 bde-div\">\n  \n  \n\t\n\n\n\n<div class=\"bde-icon-162-384 bde-icon\">\n\n    \n            <div class=\"bde-icon-icon breakdance-icon-atom\" >\n    \n                    <svg xmlns=\"http:\/\/www.w3.org\/2000\/svg\" viewbox=\"0 0 576 512\"><!--! Font Awesome Free 6.5.1 by @fontawesome - https:\/\/fontawesome.com License - https:\/\/fontawesome.com\/license\/free (Icons: CC BY 4.0, Fonts: SIL OFL 1.1, Code: MIT License) Copyright 2023 Fonticons, Inc. --><path d=\"M309.5 13.5C305.5 5.2 297.1 0 287.9 0s-17.6 5.2-21.6 13.5L197.7 154.8 44.5 177.5c-9 1.3-16.5 7.6-19.3 16.3s-.5 18.1 5.9 24.5L142.2 328.4 116 483.9c-1.5 9 2.2 18.1 9.7 23.5s17.3 6 25.3 1.7l137-73.2 137 73.2c8.1 4.3 17.9 3.7 25.3-1.7s11.2-14.5 9.7-23.5L433.6 328.4 544.8 218.2c6.5-6.4 8.7-15.9 5.9-24.5s-10.3-14.9-19.3-16.3L378.1 154.8 309.5 13.5zM288 384.7V79.1l52.5 108.1c3.5 7.1 10.2 12.1 18.1 13.3l118.3 17.5L391 303c-5.5 5.5-8.1 13.3-6.8 21l20.2 119.6L299.2 387.5c-3.5-1.9-7.4-2.8-11.2-2.8z\"\/><\/svg>\n        \n        \n        \n            <\/div>\n    \n\n\n<\/div>\n<\/div>\n<\/div><\/div>\n<\/section>","protected":false},"excerpt":{"rendered":"<p>O SIAPRO GROUP Inovativne re\u0161itve za industrijsko avtomatizacijo in trajnostni razvoj. O podjetju SIAPRO GROUP je mednarodno priznana skupina podjetij, ki zdru\u017euje razli\u010dna podro\u010dja industrijske proizvodnje in razvoja. Siapro Stroji za peskanje, oprema za avtomatizacijo proizvodnje, livarska oprema. Hidroelektrarne Male hidroelektrarne, proizvodnja obnovljivih virov energije, industrijske re\u0161itve za energetsko u\u010dinkovitost. Strojrem Industrijski transporterji, transport sipkih [&hellip;]<\/p>","protected":false},"author":1,"featured_media":0,"parent":639,"menu_order":0,"comment_status":"closed","ping_status":"closed","template":"","meta":{"_breakdance_hide_in_design_set":false,"_breakdance_tags":"","footnotes":""},"class_list":["post-162","page","type-page","status-publish","hentry"],"_links":{"self":[{"href":"https:\/\/siapro-hydro.devroom.si\/en\/wp-json\/wp\/v2\/pages\/162","targetHints":{"allow":["GET"]}}],"collection":[{"href":"https:\/\/siapro-hydro.devroom.si\/en\/wp-json\/wp\/v2\/pages"}],"about":[{"href":"https:\/\/siapro-hydro.devroom.si\/en\/wp-json\/wp\/v2\/types\/page"}],"author":[{"embeddable":true,"href":"https:\/\/siapro-hydro.devroom.si\/en\/wp-json\/wp\/v2\/users\/1"}],"replies":[{"embeddable":true,"href":"https:\/\/siapro-hydro.devroom.si\/en\/wp-json\/wp\/v2\/comments?post=162"}],"version-history":[{"count":14,"href":"https:\/\/siapro-hydro.devroom.si\/en\/wp-json\/wp\/v2\/pages\/162\/revisions"}],"predecessor-version":[{"id":221,"href":"https:\/\/siapro-hydro.devroom.si\/en\/wp-json\/wp\/v2\/pages\/162\/revisions\/221"}],"up":[{"embeddable":true,"href":"https:\/\/siapro-hydro.devroom.si\/en\/wp-json\/wp\/v2\/pages\/639"}],"wp:attachment":[{"href":"https:\/\/siapro-hydro.devroom.si\/en\/wp-json\/wp\/v2\/media?parent=162"}],"curies":[{"name":"wp","href":"https:\/\/api.w.org\/{rel}","templated":true}]}}