{"id":227,"date":"2025-11-09T21:09:49","date_gmt":"2025-11-09T20:09:49","guid":{"rendered":"https:\/\/siapro-hydro.devroom.si\/?page_id=227"},"modified":"2025-11-17T23:17:14","modified_gmt":"2025-11-17T22:17:14","slug":"hidroelektrarne","status":"publish","type":"page","link":"https:\/\/siapro-hydro.devroom.si\/en\/hidroelektrarne\/","title":{"rendered":"Hydro power plants"},"content":{"rendered":"<section class=\"bde-section-227-316 bde-section\">\n              \n  \n  \n\t\n\n\n\n<div class=\"section-container\"><h1 class=\"bde-heading-227-102 bde-heading\">\nHydropower Plants \u2013 Solutions, Equipment, and Comprehensive Services\n<\/h1><div class=\"bde-text-227-320 bde-text\">\nComprehensive solutions for the development, modernization, and management of hydropower plants\n<\/div><\/div>\n<\/section><section class=\"bde-section-227-332 bde-section\">\n  \n  \n\t\n\n\n\n<div class=\"section-container\"><div class=\"bde-text-227-334 bde-text\">\nSiapro offers comprehensive solutions for new and existing hydropower plants \u2013 from development, design, and turbine supply to modernization, servicing, and upgrades of hydromechanical and electrical equipment.<br>Our solutions are reliable, efficient, and tailored to the specific conditions on site.\n<\/div><\/div>\n<\/section><section id=\"podjetja\" class=\"bde-section-227-399 bde-section\">\n  \n  \n\t\n\n\n\n<div class=\"section-container\"><h2 class=\"bde-heading-227-400 bde-heading heading-with-bar\">\nOur hydropower plants offering\n<\/h2><\/div>\n<\/section><section class=\"bde-section-227-385 bde-section\">\n              \n  \n  \n\t\n\n  <div class=\"section-background-overlay\"><\/div>\n\n\n<div class=\"section-container\"><div class=\"bde-grid-227-401 bde-grid\">\n  \n  \n\t\n\n\n\n<div class=\"bde-image-box-227-404 bde-image-box\">\n<div class=\"ee-imagebox-image\">\n  <img loading=\"lazy\" decoding=\"async\" class=\"breakdance-image-object\" src=\"https:\/\/siapro-hydro.devroom.si\/wp-content\/uploads\/2025\/11\/siapro_pelton_hydroelectric_power_plant.jpg\" width=\"1280\" height=\"975\" srcset=\"https:\/\/siapro-hydro.devroom.si\/wp-content\/uploads\/2025\/11\/siapro_pelton_hydroelectric_power_plant.jpg 1280w, https:\/\/siapro-hydro.devroom.si\/wp-content\/uploads\/2025\/11\/siapro_pelton_hydroelectric_power_plant-300x229.jpg 300w, https:\/\/siapro-hydro.devroom.si\/wp-content\/uploads\/2025\/11\/siapro_pelton_hydroelectric_power_plant-1024x780.jpg 1024w, https:\/\/siapro-hydro.devroom.si\/wp-content\/uploads\/2025\/11\/siapro_pelton_hydroelectric_power_plant-768x585.jpg 768w, https:\/\/siapro-hydro.devroom.si\/wp-content\/uploads\/2025\/11\/siapro_pelton_hydroelectric_power_plant-16x12.jpg 16w\" sizes=\"auto, (max-width: 1280px) 100vw, 1280px\">\n<\/div>\n<div class=\"ee-imagebox-content\">\n      <p class=\"ee-imagebox-title bde-h3\" >Pelton turbines<\/p>\n    \n      <div class=\"ee-imagebox-text\" >Turbines for high heads with exceptional efficiency and robust construction. Ideal for mountain waterways and stable year-round operation.<\/div>\n    \n          \n                                    \n    \n    \n    \n    \n            \n                    \n            \n            \n\n    \n    \n    \n    \n    \n    <a class=\"breakdance-link button-atom button-atom--primary ee-imagebox-button\" href=\"https:\/\/siapro-hydro.devroom.si\/en\/hidroelektrarne\/pelton-turbine\/\" target=\"_self\" data-type=\"url\"  >\n\n    \n        <span class=\"button-atom__text\">Read more<\/span>\n\n        \n        \n                <\/a>\n\n    \n\n  <\/div>\n\n<\/div><div class=\"bde-image-box-227-418 bde-image-box\">\n<div class=\"ee-imagebox-image\">\n  <img loading=\"lazy\" decoding=\"async\" class=\"breakdance-image-object\" src=\"https:\/\/siapro-hydro.devroom.si\/wp-content\/uploads\/2025\/11\/kaplan_turbines-scaled.jpg\" width=\"2560\" height=\"1920\" srcset=\"https:\/\/siapro-hydro.devroom.si\/wp-content\/uploads\/2025\/11\/kaplan_turbines-scaled.jpg 2560w, https:\/\/siapro-hydro.devroom.si\/wp-content\/uploads\/2025\/11\/kaplan_turbines-300x225.jpg 300w, https:\/\/siapro-hydro.devroom.si\/wp-content\/uploads\/2025\/11\/kaplan_turbines-1024x768.jpg 1024w, https:\/\/siapro-hydro.devroom.si\/wp-content\/uploads\/2025\/11\/kaplan_turbines-768x576.jpg 768w, https:\/\/siapro-hydro.devroom.si\/wp-content\/uploads\/2025\/11\/kaplan_turbines-1536x1152.jpg 1536w, https:\/\/siapro-hydro.devroom.si\/wp-content\/uploads\/2025\/11\/kaplan_turbines-2048x1536.jpg 2048w, https:\/\/siapro-hydro.devroom.si\/wp-content\/uploads\/2025\/11\/kaplan_turbines-16x12.jpg 16w\" sizes=\"auto, (max-width: 2560px) 100vw, 2560px\">\n<\/div>\n<div class=\"ee-imagebox-content\">\n      <p class=\"ee-imagebox-title bde-h3\" >Kaplan turbines<\/p>\n    \n      <div class=\"ee-imagebox-text\" >Axial turbines for high flows and low heads. They provide high efficiency and flexible operation thanks to adjustable blades.<\/div>\n    \n          \n                                    \n    \n    \n    \n    \n            \n                    \n            \n            \n\n    \n    \n    \n    \n    \n    <a class=\"breakdance-link button-atom button-atom--primary ee-imagebox-button\" href=\"https:\/\/siapro-hydro.devroom.si\/en\/hidroelektrarne\/kaplan-turbine\/\" target=\"_self\" data-type=\"url\"  >\n\n    \n        <span class=\"button-atom__text\">Read more<\/span>\n\n        \n        \n                <\/a>\n\n    \n\n  <\/div>\n\n<\/div><div class=\"bde-image-box-227-416 bde-image-box\">\n<div class=\"ee-imagebox-image\">\n  <img loading=\"lazy\" decoding=\"async\" class=\"breakdance-image-object\" src=\"https:\/\/siapro-hydro.devroom.si\/wp-content\/uploads\/2025\/11\/Saipro_Francis_new_hydro_station.jpg\" width=\"1280\" height=\"960\" srcset=\"https:\/\/siapro-hydro.devroom.si\/wp-content\/uploads\/2025\/11\/Saipro_Francis_new_hydro_station.jpg 1280w, https:\/\/siapro-hydro.devroom.si\/wp-content\/uploads\/2025\/11\/Saipro_Francis_new_hydro_station-300x225.jpg 300w, https:\/\/siapro-hydro.devroom.si\/wp-content\/uploads\/2025\/11\/Saipro_Francis_new_hydro_station-1024x768.jpg 1024w, https:\/\/siapro-hydro.devroom.si\/wp-content\/uploads\/2025\/11\/Saipro_Francis_new_hydro_station-768x576.jpg 768w, https:\/\/siapro-hydro.devroom.si\/wp-content\/uploads\/2025\/11\/Saipro_Francis_new_hydro_station-16x12.jpg 16w\" sizes=\"auto, (max-width: 1280px) 100vw, 1280px\">\n<\/div>\n<div class=\"ee-imagebox-content\">\n      <p class=\"ee-imagebox-title bde-h3\" >Francis turbines<\/p>\n    \n      <div class=\"ee-imagebox-text\" >A universal solution for medium heads and flows. High efficiency, long service life, and reliable operation across a wide range of applications.<\/div>\n    \n          \n                                    \n    \n    \n    \n    \n            \n                    \n            \n            \n\n    \n    \n    \n    \n    \n    <a class=\"breakdance-link button-atom button-atom--primary ee-imagebox-button\" href=\"https:\/\/siapro-hydro.devroom.si\/en\/hidroelektrarne\/francis-turbine\/\" target=\"_self\" data-type=\"url\"  >\n\n    \n        <span class=\"button-atom__text\">Read more<\/span>\n\n        \n        \n                <\/a>\n\n    \n\n  <\/div>\n\n<\/div><div class=\"bde-image-box-227-414 bde-image-box\">\n<div class=\"ee-imagebox-image\">\n  <img loading=\"lazy\" decoding=\"async\" class=\"breakdance-image-object\" src=\"https:\/\/siapro-hydro.devroom.si\/wp-content\/uploads\/2025\/11\/crossflow.jpg\" width=\"1280\" height=\"960\" srcset=\"https:\/\/siapro-hydro.devroom.si\/wp-content\/uploads\/2025\/11\/crossflow.jpg 1280w, https:\/\/siapro-hydro.devroom.si\/wp-content\/uploads\/2025\/11\/crossflow-300x225.jpg 300w, https:\/\/siapro-hydro.devroom.si\/wp-content\/uploads\/2025\/11\/crossflow-1024x768.jpg 1024w, https:\/\/siapro-hydro.devroom.si\/wp-content\/uploads\/2025\/11\/crossflow-768x576.jpg 768w, https:\/\/siapro-hydro.devroom.si\/wp-content\/uploads\/2025\/11\/crossflow-16x12.jpg 16w\" sizes=\"auto, (max-width: 1280px) 100vw, 1280px\">\n<\/div>\n<div class=\"ee-imagebox-content\">\n      <p class=\"ee-imagebox-title bde-h3\" >Crossflow turbines<\/p>\n    \n      <div class=\"ee-imagebox-text\" >Economical and reliable turbines for smaller waterways. Also available in the Siapro patented design for up to 5% higher efficiency.<\/div>\n    \n          \n                                    \n    \n    \n    \n    \n            \n                    \n            \n            \n\n    \n    \n    \n    \n    \n    <a class=\"breakdance-link button-atom button-atom--primary ee-imagebox-button\" href=\"https:\/\/siapro-hydro.devroom.si\/en\/hidroelektrarne\/crossflow-turbine\/\" target=\"_self\" data-type=\"url\"  >\n\n    \n        <span class=\"button-atom__text\">Read more<\/span>\n\n        \n        \n                <\/a>\n\n    \n\n  <\/div>\n\n<\/div><div class=\"bde-image-box-227-412 bde-image-box\">\n<div class=\"ee-imagebox-image\">\n  <img loading=\"lazy\" decoding=\"async\" class=\"breakdance-image-object\" src=\"https:\/\/siapro-hydro.devroom.si\/wp-content\/uploads\/2025\/11\/containerized_siapro_hydro_power_plants.jpg\" width=\"1181\" height=\"886\" srcset=\"https:\/\/siapro-hydro.devroom.si\/wp-content\/uploads\/2025\/11\/containerized_siapro_hydro_power_plants.jpg 1181w, https:\/\/siapro-hydro.devroom.si\/wp-content\/uploads\/2025\/11\/containerized_siapro_hydro_power_plants-300x225.jpg 300w, https:\/\/siapro-hydro.devroom.si\/wp-content\/uploads\/2025\/11\/containerized_siapro_hydro_power_plants-1024x768.jpg 1024w, https:\/\/siapro-hydro.devroom.si\/wp-content\/uploads\/2025\/11\/containerized_siapro_hydro_power_plants-768x576.jpg 768w, https:\/\/siapro-hydro.devroom.si\/wp-content\/uploads\/2025\/11\/containerized_siapro_hydro_power_plants-16x12.jpg 16w\" sizes=\"auto, (max-width: 1181px) 100vw, 1181px\">\n<\/div>\n<div class=\"ee-imagebox-content\">\n      <p class=\"ee-imagebox-title bde-h3\" >Container power plants<\/p>\n    \n      <div class=\"ee-imagebox-text\" >A complete KIT solution for remote off-grid areas. Quick to install, cost-effective, and suitable for power outputs up to 150 kW.<\/div>\n    \n          \n                                    \n    \n    \n    \n    \n            \n                    \n            \n            \n\n    \n    \n    \n    \n    \n    <a class=\"breakdance-link button-atom button-atom--primary ee-imagebox-button\" href=\"https:\/\/siapro-hydro.devroom.si\/en\/hidroelektrarne\/kontejnerske-turbine\/\" target=\"_self\" data-type=\"url\"  >\n\n    \n        <span class=\"button-atom__text\">Read more<\/span>\n\n        \n        \n                <\/a>\n\n    \n\n  <\/div>\n\n<\/div><div class=\"bde-image-box-227-410 bde-image-box\">\n<div class=\"ee-imagebox-image\">\n  <img loading=\"lazy\" decoding=\"async\" class=\"breakdance-image-object\" src=\"https:\/\/siapro-hydro.devroom.si\/wp-content\/uploads\/2025\/11\/hidroelektrarna_hydropower_10.thumb-360x270-1.jpg\" width=\"360\" height=\"270\" srcset=\"https:\/\/siapro-hydro.devroom.si\/wp-content\/uploads\/2025\/11\/hidroelektrarna_hydropower_10.thumb-360x270-1.jpg 360w, https:\/\/siapro-hydro.devroom.si\/wp-content\/uploads\/2025\/11\/hidroelektrarna_hydropower_10.thumb-360x270-1-300x225.jpg 300w, https:\/\/siapro-hydro.devroom.si\/wp-content\/uploads\/2025\/11\/hidroelektrarna_hydropower_10.thumb-360x270-1-16x12.jpg 16w\" sizes=\"auto, (max-width: 360px) 100vw, 360px\">\n<\/div>\n<div class=\"ee-imagebox-content\">\n      <p class=\"ee-imagebox-title bde-h3\" >Hydromechanical equipment<\/p>\n    \n      <div class=\"ee-imagebox-text\" >Gates, trash racks, cleaning machines, and pipelines for optimal hydropower plant operation. Custom-made and reliable in all conditions.<\/div>\n    \n          \n                                    \n    \n    \n    \n    \n            \n                    \n            \n            \n\n    \n    \n    \n    \n    \n    <a class=\"breakdance-link button-atom button-atom--primary ee-imagebox-button\" href=\"https:\/\/siapro-hydro.devroom.si\/en\/hidroelektrarne\/hidromehanska-oprema\/\" target=\"_self\" data-type=\"url\"  >\n\n    \n        <span class=\"button-atom__text\">Read more<\/span>\n\n        \n        \n                <\/a>\n\n    \n\n  <\/div>\n\n<\/div><div class=\"bde-image-box-227-408 bde-image-box\">\n<div class=\"ee-imagebox-image\">\n  <img loading=\"lazy\" decoding=\"async\" class=\"breakdance-image-object\" src=\"https:\/\/siapro-hydro.devroom.si\/wp-content\/uploads\/2025\/11\/DSCF2168.jpg\" width=\"900\" height=\"675\" srcset=\"https:\/\/siapro-hydro.devroom.si\/wp-content\/uploads\/2025\/11\/DSCF2168.jpg 900w, https:\/\/siapro-hydro.devroom.si\/wp-content\/uploads\/2025\/11\/DSCF2168-300x225.jpg 300w, https:\/\/siapro-hydro.devroom.si\/wp-content\/uploads\/2025\/11\/DSCF2168-768x576.jpg 768w, https:\/\/siapro-hydro.devroom.si\/wp-content\/uploads\/2025\/11\/DSCF2168-16x12.jpg 16w\" sizes=\"auto, (max-width: 900px) 100vw, 900px\">\n<\/div>\n<div class=\"ee-imagebox-content\">\n      <p class=\"ee-imagebox-title bde-h3\" >Electrical equipment and engineering<\/p>\n    \n      <div class=\"ee-imagebox-text\" >Control cabinets, electrical documentation, and PLC programming. Comprehensive electrical solutions for new and existing power plants.<\/div>\n    \n          \n                                    \n    \n    \n    \n    \n            \n                    \n            \n            \n\n    \n    \n    \n    \n    \n    <a class=\"breakdance-link button-atom button-atom--primary ee-imagebox-button\" href=\"https:\/\/siapro-hydro.devroom.si\/en\/hidroelektrarne\/elektro-oprema\/\" target=\"_self\" data-type=\"url\"  >\n\n    \n        <span class=\"button-atom__text\">Read more<\/span>\n\n        \n        \n                <\/a>\n\n    \n\n  <\/div>\n\n<\/div><div class=\"bde-image-box-227-406 bde-image-box\">\n<div class=\"ee-imagebox-image\">\n  <img loading=\"lazy\" decoding=\"async\" class=\"breakdance-image-object\" src=\"https:\/\/siapro-hydro.devroom.si\/wp-content\/uploads\/2025\/11\/siapro-hydro-cistilni-stroji.png\" width=\"1495\" height=\"952\" srcset=\"https:\/\/siapro-hydro.devroom.si\/wp-content\/uploads\/2025\/11\/siapro-hydro-cistilni-stroji.png 1495w, https:\/\/siapro-hydro.devroom.si\/wp-content\/uploads\/2025\/11\/siapro-hydro-cistilni-stroji-300x191.png 300w, https:\/\/siapro-hydro.devroom.si\/wp-content\/uploads\/2025\/11\/siapro-hydro-cistilni-stroji-1024x652.png 1024w, https:\/\/siapro-hydro.devroom.si\/wp-content\/uploads\/2025\/11\/siapro-hydro-cistilni-stroji-768x489.png 768w, https:\/\/siapro-hydro.devroom.si\/wp-content\/uploads\/2025\/11\/siapro-hydro-cistilni-stroji-18x12.png 18w\" sizes=\"auto, (max-width: 1495px) 100vw, 1495px\">\n<\/div>\n<div class=\"ee-imagebox-content\">\n      <p class=\"ee-imagebox-title bde-h3\" >Cleaning machines<\/p>\n    \n      <div class=\"ee-imagebox-text\" >Automatic fine rack cleaning systems that ensure uninterrupted hydropower plant operation. Reliable, efficient, and tailored to your facility.<\/div>\n    \n          \n                                    \n    \n    \n    \n    \n            \n                    \n            \n            \n\n    \n    \n    \n    \n    \n    <a class=\"breakdance-link button-atom button-atom--primary ee-imagebox-button\" href=\"https:\/\/siapro-hydro.devroom.si\/en\/hidroelektrarne\/hidromehanska-oprema\/\" target=\"_self\" data-type=\"url\"  >\n\n    \n        <span class=\"button-atom__text\">Read more<\/span>\n\n        \n        \n                <\/a>\n\n    \n\n  <\/div>\n\n<\/div>\n<\/div><\/div>\n<\/section><section id=\"podjetja\" class=\"bde-section-227-425 bde-section\">\n  \n  \n\t\n\n\n\n<div class=\"section-container\"><h2 class=\"bde-heading-227-426 bde-heading heading-with-bar\">\nWhy choose Siapro?\n<\/h2><\/div>\n<\/section><section id=\"podjetja\" class=\"bde-section-227-428 bde-section\">\n  \n  \n\t\n\n\n\n<div class=\"section-container\"><div class=\"bde-icon-list-227-430 bde-icon-list\">\n<ul>\n  \n              \n    <li>\n              <div class='bde-icon-list__item-wrapper'>\n      \n      <span class='bde-icon-list__icon'>\n        <svg xmlns=\"http:\/\/www.w3.org\/2000\/svg\" viewbox=\"0 0 576 512\"><!--! Font Awesome Free 6.5.1 by @fontawesome - https:\/\/fontawesome.com License - https:\/\/fontawesome.com\/license\/free (Icons: CC BY 4.0, Fonts: SIL OFL 1.1, Code: MIT License) Copyright 2023 Fonticons, Inc. --><path d=\"M269.5 69.9c11.1-7.9 25.9-7.9 37 0C329 85.4 356.5 96 384 96c26.9 0 55.4-10.8 77.4-26.1l0 0c11.9-8.5 28.1-7.8 39.2 1.7c14.4 11.9 32.5 21 50.6 25.2c17.2 4 27.9 21.2 23.9 38.4s-21.2 27.9-38.4 23.9c-24.5-5.7-44.9-16.5-58.2-25C449.5 149.7 417 160 384 160c-31.9 0-60.6-9.9-80.4-18.9c-5.8-2.7-11.1-5.3-15.6-7.7c-4.5 2.4-9.7 5.1-15.6 7.7c-19.8 9-48.5 18.9-80.4 18.9c-33 0-65.5-10.3-94.5-25.8c-13.4 8.4-33.7 19.3-58.2 25c-17.2 4-34.4-6.7-38.4-23.9s6.7-34.4 23.9-38.4C42.8 92.6 61 83.5 75.3 71.6c11.1-9.5 27.3-10.1 39.2-1.7l0 0C136.7 85.2 165.1 96 192 96c27.5 0 55-10.6 77.5-26.1zm37 288C329 373.4 356.5 384 384 384c26.9 0 55.4-10.8 77.4-26.1l0 0c11.9-8.5 28.1-7.8 39.2 1.7c14.4 11.9 32.5 21 50.6 25.2c17.2 4 27.9 21.2 23.9 38.4s-21.2 27.9-38.4 23.9c-24.5-5.7-44.9-16.5-58.2-25C449.5 437.7 417 448 384 448c-31.9 0-60.6-9.9-80.4-18.9c-5.8-2.7-11.1-5.3-15.6-7.7c-4.5 2.4-9.7 5.1-15.6 7.7c-19.8 9-48.5 18.9-80.4 18.9c-33 0-65.5-10.3-94.5-25.8c-13.4 8.4-33.7 19.3-58.2 25c-17.2 4-34.4-6.7-38.4-23.9s6.7-34.4 23.9-38.4c18.1-4.2 36.2-13.3 50.6-25.2c11.1-9.4 27.3-10.1 39.2-1.7l0 0C136.7 373.2 165.1 384 192 384c27.5 0 55-10.6 77.5-26.1c11.1-7.9 25.9-7.9 37 0zm0-144C329 229.4 356.5 240 384 240c26.9 0 55.4-10.8 77.4-26.1l0 0c11.9-8.5 28.1-7.8 39.2 1.7c14.4 11.9 32.5 21 50.6 25.2c17.2 4 27.9 21.2 23.9 38.4s-21.2 27.9-38.4 23.9c-24.5-5.7-44.9-16.5-58.2-25C449.5 293.7 417 304 384 304c-31.9 0-60.6-9.9-80.4-18.9c-5.8-2.7-11.1-5.3-15.6-7.7c-4.5 2.4-9.7 5.1-15.6 7.7c-19.8 9-48.5 18.9-80.4 18.9c-33 0-65.5-10.3-94.5-25.8c-13.4 8.4-33.7 19.3-58.2 25c-17.2 4-34.4-6.7-38.4-23.9s6.7-34.4 23.9-38.4c18.1-4.2 36.2-13.3 50.6-25.2c11.1-9.5 27.3-10.1 39.2-1.7l0 0C136.7 229.2 165.1 240 192 240c27.5 0 55-10.6 77.5-26.1c11.1-7.9 25.9-7.9 37 0z\"\/><\/svg>\n      <\/span>\n      <span class='bde-icon-list__text' >\n      In-house production of turbines and hydromechanical equipment\n      <\/span>\n              <\/div>\n      \n    <\/li>\n\n  \n              \n    <li>\n              <div class='bde-icon-list__item-wrapper'>\n      \n      <span class='bde-icon-list__icon'>\n        <svg xmlns=\"http:\/\/www.w3.org\/2000\/svg\" viewbox=\"0 0 352 512\"><!-- Font Awesome Free 5.15.1 by @fontawesome - https:\/\/fontawesome.com License - https:\/\/fontawesome.com\/license\/free (Icons: CC BY 4.0, Fonts: SIL OFL 1.1, Code: MIT License) --><path d=\"M176 80c-52.94 0-96 43.06-96 96 0 8.84 7.16 16 16 16s16-7.16 16-16c0-35.3 28.72-64 64-64 8.84 0 16-7.16 16-16s-7.16-16-16-16zM96.06 459.17c0 3.15.93 6.22 2.68 8.84l24.51 36.84c2.97 4.46 7.97 7.14 13.32 7.14h78.85c5.36 0 10.36-2.68 13.32-7.14l24.51-36.84c1.74-2.62 2.67-5.7 2.68-8.84l.05-43.18H96.02l.04 43.18zM176 0C73.72 0 0 82.97 0 176c0 44.37 16.45 84.85 43.56 115.78 16.64 18.99 42.74 58.8 52.42 92.16v.06h48v-.12c-.01-4.77-.72-9.51-2.15-14.07-5.59-17.81-22.82-64.77-62.17-109.67-20.54-23.43-31.52-53.15-31.61-84.14-.2-73.64 59.67-128 127.95-128 70.58 0 128 57.42 128 128 0 30.97-11.24 60.85-31.65 84.14-39.11 44.61-56.42 91.47-62.1 109.46a47.507 47.507 0 0 0-2.22 14.3v.1h48v-.05c9.68-33.37 35.78-73.18 52.42-92.16C335.55 260.85 352 220.37 352 176 352 78.8 273.2 0 176 0z\"\/><\/svg>\n      <\/span>\n      <span class='bde-icon-list__text' >\n      Experienced engineering team\n      <\/span>\n              <\/div>\n      \n    <\/li>\n\n  \n              \n    <li>\n              <div class='bde-icon-list__item-wrapper'>\n      \n      <span class='bde-icon-list__icon'>\n        <svg xmlns=\"http:\/\/www.w3.org\/2000\/svg\" viewbox=\"0 0 640 512\"><!--! Font Awesome Free 6.5.1 by @fontawesome - https:\/\/fontawesome.com License - https:\/\/fontawesome.com\/license\/free (Icons: CC BY 4.0, Fonts: SIL OFL 1.1, Code: MIT License) Copyright 2023 Fonticons, Inc. --><path d=\"M80 48a48 48 0 1 1 96 0A48 48 0 1 1 80 48zm64 193.7v65.1l51 51c7.1 7.1 11.8 16.2 13.4 26.1l15.2 90.9c2.9 17.4-8.9 33.9-26.3 36.8s-33.9-8.9-36.8-26.3l-14.3-85.9L66.8 320C54.8 308 48 291.7 48 274.7V186.6c0-32.4 26.2-58.6 58.6-58.6c24.1 0 46.5 12 59.9 32l47.4 71.1 10.1 5V160c0-17.7 14.3-32 32-32H384c17.7 0 32 14.3 32 32v76.2l10.1-5L473.5 160c13.3-20 35.8-32 59.9-32c32.4 0 58.6 26.2 58.6 58.6v88.1c0 17-6.7 33.3-18.7 45.3l-79.4 79.4-14.3 85.9c-2.9 17.4-19.4 29.2-36.8 26.3s-29.2-19.4-26.3-36.8l15.2-90.9c1.6-9.9 6.3-19 13.4-26.1l51-51V241.7l-19 28.5c-4.6 7-11 12.6-18.5 16.3l-59.6 29.8c-2.4 1.3-4.9 2.2-7.6 2.8c-2.6 .6-5.3 .9-7.9 .8H256.7c-2.5 .1-5-.2-7.5-.7c-2.9-.6-5.6-1.6-8.1-3l-59.5-29.8c-7.5-3.7-13.8-9.4-18.5-16.3l-19-28.5zM2.3 468.1L50.1 348.6l49.2 49.2-37.6 94c-6.6 16.4-25.2 24.4-41.6 17.8S-4.3 484.5 2.3 468.1zM512 0a48 48 0 1 1 0 96 48 48 0 1 1 0-96zm77.9 348.6l47.8 119.5c6.6 16.4-1.4 35-17.8 41.6s-35-1.4-41.6-17.8l-37.6-94 49.2-49.2z\"\/><\/svg>\n      <\/span>\n      <span class='bde-icon-list__text' >\n      ChatGPT said:\n\nSupport from design to commissioning\n      <\/span>\n              <\/div>\n      \n    <\/li>\n\n  \n              \n    <li>\n              <div class='bde-icon-list__item-wrapper'>\n      \n      <span class='bde-icon-list__icon'>\n        <svg xmlns=\"http:\/\/www.w3.org\/2000\/svg\" id=\"icon-box-add\" viewbox=\"0 0 32 32\">\n<path d=\"M26 2h-20l-6 6v21c0 0.552 0.448 1 1 1h30c0.552 0 1-0.448 1-1v-21l-6-6zM16 26l-10-8h6v-6h8v6h6l-10 8zM4.828 6l2-2h18.343l2 2h-22.343z\"\/>\n<\/svg>\n      <\/span>\n      <span class='bde-icon-list__text' >\n      Fast delivery and customization\n      <\/span>\n              <\/div>\n      \n    <\/li>\n\n  \n              \n    <li>\n              <div class='bde-icon-list__item-wrapper'>\n      \n      <span class='bde-icon-list__icon'>\n        <svg xmlns=\"http:\/\/www.w3.org\/2000\/svg\" viewbox=\"0 0 512 512\"><!--! Font Awesome Free 6.5.1 by @fontawesome - https:\/\/fontawesome.com License - https:\/\/fontawesome.com\/license\/free (Icons: CC BY 4.0, Fonts: SIL OFL 1.1, Code: MIT License) Copyright 2023 Fonticons, Inc. --><path d=\"M176 88v40H336V88c0-4.4-3.6-8-8-8H184c-4.4 0-8 3.6-8 8zm-48 40V88c0-30.9 25.1-56 56-56H328c30.9 0 56 25.1 56 56v40h28.1c12.7 0 24.9 5.1 33.9 14.1l51.9 51.9c9 9 14.1 21.2 14.1 33.9V304H384V288c0-17.7-14.3-32-32-32s-32 14.3-32 32v16H192V288c0-17.7-14.3-32-32-32s-32 14.3-32 32v16H0V227.9c0-12.7 5.1-24.9 14.1-33.9l51.9-51.9c9-9 21.2-14.1 33.9-14.1H128zM0 416V336H128v16c0 17.7 14.3 32 32 32s32-14.3 32-32V336H320v16c0 17.7 14.3 32 32 32s32-14.3 32-32V336H512v80c0 35.3-28.7 64-64 64H64c-35.3 0-64-28.7-64-64z\"\/><\/svg>\n      <\/span>\n      <span class='bde-icon-list__text' >\n      Long-term maintenance and servicing\n      <\/span>\n              <\/div>\n      \n    <\/li>\n\n  <\/ul>\n\n<\/div><\/div>\n<\/section><section class=\"bde-section-227-419 bde-section\">\n  \n  \n\t\n\n\n\n        <div class=\"section-shape-divider-wrapper section-shape-divider-wrapper--1\">\n          <span class=\"section-shape-divider\">\n                      <svg\n                xmlns=\"http:\/\/www.w3.org\/2000\/svg\"\n                viewbox=\"0 0 1440 320\"\n                preserveaspectratio=\"none\"\n            >\n              <path fill=\"currentColor\" fill-opacity=\"1\" d=\"M0,32L40,64C80,96,160,160,240,181.3C320,203,400,181,480,197.3C560,213,640,267,720,261.3C800,256,880,192,960,154.7C1040,117,1120,107,1200,85.3C1280,64,1360,32,1400,16L1440,0L1440,320L1400,320C1360,320,1280,320,1200,320C1120,320,1040,320,960,320C880,320,800,320,720,320C640,320,560,320,480,320C400,320,320,320,240,320C160,320,80,320,40,320L0,320Z\"><\/path>\n            <\/svg>\n                    <\/span>\n      <\/div>\n        <div class=\"section-shape-divider-wrapper section-shape-divider-wrapper--2\">\n          <span class=\"section-shape-divider\">\n                      <svg\n                xmlns=\"http:\/\/www.w3.org\/2000\/svg\"\n                viewbox=\"0 0 1440 320\"\n                preserveaspectratio=\"none\"\n            >\n              <path fill=\"currentColor\" fill-opacity=\"1\" d=\"M0,32L40,64C80,96,160,160,240,181.3C320,203,400,181,480,197.3C560,213,640,267,720,261.3C800,256,880,192,960,154.7C1040,117,1120,107,1200,85.3C1280,64,1360,32,1400,16L1440,0L1440,320L1400,320C1360,320,1280,320,1200,320C1120,320,1040,320,960,320C880,320,800,320,720,320C640,320,560,320,480,320C400,320,320,320,240,320C160,320,80,320,40,320L0,320Z\"><\/path>\n            <\/svg>\n                    <\/span>\n      <\/div>\n  <div class=\"section-container\"><div class=\"bde-div-227-420 bde-div\" data-entrance=\"slideUp\">\n  \n  \n\t\n\n\n\n<div class=\"bde-div-227-421 bde-div\">\n  \n  \n\t\n\n\n\n<h2 class=\"bde-heading-227-422 bde-heading\">\nWould you like an offer or technical advice?\n<\/h2><div class=\"bde-text-227-423 bde-text\">\nOur experts assist you from conceptual design to commissioning.\n<\/div><div class=\"bde-button-227-424 bde-button\">\n    \n                                    \n    \n    \n    \n    \n            \n                    \n            \n            \n\n    \n    \n    \n    \n    \n    <a class=\"breakdance-link button-atom button-atom--custom bde-button__button\" href=\"https:\/\/siapro-hydro.devroom.si\/en\/kontakt\/\" target=\"_self\" data-type=\"url\"  >\n\n    \n        <span class=\"button-atom__text\">CONTACT US<\/span>\n\n        \n        \n                <\/a>\n\n    \n\n\n<\/div>\n<\/div>\n<\/div><\/div>\n<\/section>","protected":false},"excerpt":{"rendered":"<p>Hidroelektrarne \u2013 Re\u0161itve, oprema in celovite storitve Celovite re\u0161itve za razvoj, modernizacijo in upravljanje hidroelektrarn Siapro ponuja celovite re\u0161itve za nove in obstoje\u010de hidroelektrarne \u2013 od razvoja, projektiranja in dobave turbin do modernizacij, servisiranja in posodobitev hidromehanske ter elektro opreme.Na\u0161e re\u0161itve so zanesljive, u\u010dinkovite in prilagojene specifi\u010dnim pogojem na terenu. Na\u0161a ponudba za hidroelektrarne Pelton [&hellip;]<\/p>","protected":false},"author":1,"featured_media":0,"parent":0,"menu_order":0,"comment_status":"closed","ping_status":"closed","template":"","meta":{"_breakdance_hide_in_design_set":false,"_breakdance_tags":"","footnotes":""},"class_list":["post-227","page","type-page","status-publish","hentry"],"_links":{"self":[{"href":"https:\/\/siapro-hydro.devroom.si\/en\/wp-json\/wp\/v2\/pages\/227","targetHints":{"allow":["GET"]}}],"collection":[{"href":"https:\/\/siapro-hydro.devroom.si\/en\/wp-json\/wp\/v2\/pages"}],"about":[{"href":"https:\/\/siapro-hydro.devroom.si\/en\/wp-json\/wp\/v2\/types\/page"}],"author":[{"embeddable":true,"href":"https:\/\/siapro-hydro.devroom.si\/en\/wp-json\/wp\/v2\/users\/1"}],"replies":[{"embeddable":true,"href":"https:\/\/siapro-hydro.devroom.si\/en\/wp-json\/wp\/v2\/comments?post=227"}],"version-history":[{"count":12,"href":"https:\/\/siapro-hydro.devroom.si\/en\/wp-json\/wp\/v2\/pages\/227\/revisions"}],"predecessor-version":[{"id":722,"href":"https:\/\/siapro-hydro.devroom.si\/en\/wp-json\/wp\/v2\/pages\/227\/revisions\/722"}],"wp:attachment":[{"href":"https:\/\/siapro-hydro.devroom.si\/en\/wp-json\/wp\/v2\/media?parent=227"}],"curies":[{"name":"wp","href":"https:\/\/api.w.org\/{rel}","templated":true}]}}