{"id":410,"date":"2025-11-15T20:41:13","date_gmt":"2025-11-15T19:41:13","guid":{"rendered":"https:\/\/siapro-hydro.devroom.si\/?page_id=410"},"modified":"2025-11-17T08:54:54","modified_gmt":"2025-11-17T07:54:54","slug":"projekti-na-kljuc","status":"publish","type":"page","link":"https:\/\/siapro-hydro.devroom.si\/en\/hidroelektrarne\/projekti-na-kljuc\/","title":{"rendered":"Turn Key Projects"},"content":{"rendered":"<section class=\"bde-section-410-316 bde-section\">\n              \n  \n  \n\t\n\n\n\n<div class=\"section-container\"><h1 class=\"bde-heading-410-102 bde-heading\">\nPROJEKTI NA KLJU\u010c\n<\/h1><div class=\"bde-text-410-320 bde-text\">\nCelovite re\u0161itve za gradnjo malih hidroelektrarn \u2013 od ideje do zagona.\n<\/div><\/div>\n<\/section><section id=\"podjetja\" class=\"bde-section-410-399 bde-section\">\n  \n  \n\t\n\n\n\n<div class=\"section-container\"><h2 class=\"bde-heading-410-400 bde-heading heading-with-bar\">\nABOUT THE PRODUCT\n<\/h2><\/div>\n<\/section><section class=\"bde-section-410-332 bde-section\">\n  \n  \n\t\n\n\n\n<div class=\"section-container\"><div class=\"bde-columns-410-408 bde-columns\"><div class=\"bde-column-410-409 bde-column\">\n  \n  \n\t\n\n\n\n<div class=\"bde-rich-text-410-412 bde-rich-text breakdance-rich-text-styles\">\n<p align=\"justify\" data-start=\"112\" data-end=\"517\">Ekipa Siapro izvaja projekte na klju\u010d \u2013 od za\u010detnega svetovanja, projektiranja, do dobave opreme, zagona ter kon\u010dne monta\u017ee in popolnega delovanja nove hidroelektrarne. Zagotavljamo komplet nadzor nad investicijo.<\/p>\n<h3 align=\"left\"><span style=\"font-size: medium;\">Mednarodna ekipa<\/span><\/h3>\n<div align=\"left\"><strong>Imamo \u0161iroko znanje pridobljeno na podlagi dolgoletnega delovanja v bran\u017ei.<\/strong><span>\u00a0Storitve so strokovne in kakovostne,\u00a0<strong><span style=\"color: #00b612;\">re\u0161itve so odraz izku\u0161enj.<\/span><\/strong>\u00a0<\/span><\/div>\n<\/div>\n<\/div><div class=\"bde-column-410-410 bde-column\">\n  \n  \n\t\n\n\n\n<img decoding=\"async\" class=\"bde-image2-410-411 bde-image2\" src=\"https:\/\/siapro-hydro.devroom.si\/wp-content\/uploads\/2025\/11\/Siapro_Runner_Francis_Runner_Pelton.jpg\" loading=\"lazy\" srcset=\"https:\/\/siapro-hydro.devroom.si\/wp-content\/uploads\/2025\/11\/Siapro_Runner_Francis_Runner_Pelton.jpg 600w, https:\/\/siapro-hydro.devroom.si\/wp-content\/uploads\/2025\/11\/Siapro_Runner_Francis_Runner_Pelton-300x225.jpg 300w, https:\/\/siapro-hydro.devroom.si\/wp-content\/uploads\/2025\/11\/Siapro_Runner_Francis_Runner_Pelton-16x12.jpg 16w\" sizes=\"(max-width: 600px) 100vw, 600px\">\n<\/div><\/div><\/div>\n<\/section><section id=\"podjetja\" class=\"bde-section-410-413 bde-section\">\n              \n  \n  \n\t\n\n  <div class=\"section-background-overlay\"><\/div>\n\n\n<div class=\"section-container\"><h2 class=\"bde-heading-410-414 bde-heading heading-with-bar\">\nPROFESIONALNI PRISTOP\n<\/h2><\/div>\n<\/section><section class=\"bde-section-410-385 bde-section\">\n              \n  \n  \n\t\n\n  <div class=\"section-background-overlay\"><\/div>\n\n\n<div class=\"section-container\"><div class=\"bde-columns-410-387 bde-columns\"><div class=\"bde-column-410-388 bde-column\">\n  \n  \n\t\n\n\n\n<ul class=\"bde-basic-list-410-436 bde-basic-list\">\n  <li  >    \n          Predhodne in izvedbene \u0161tudije\n      <\/li>\n  <li  >    \n          Analiza stro\u0161kov in tehnologij\n      <\/li>\n  <li  >    \n          Optimizacija procesov\n      <\/li>\n  <li  >    \n          Na\u010drtovanje\n      <\/li>\n  <li  >    \n          Okolju prijazne re\u0161itve\n      <\/li>\n  <li  >    \n          Dobava in monta\u017ea opreme\n      <\/li>\n  <li  >    \n          Rezervni deli\n      <\/li>\n  <li  >    \n          Preventivno\/letno vzdr\u017eevanje\n      <\/li>\n<\/ul>\n<\/div><div class=\"bde-column-410-390 bde-column\">\n  \n  \n\t\n\n\n\n<img decoding=\"async\" class=\"bde-image2-410-416 bde-image2\" src=\"https:\/\/siapro-hydro.devroom.si\/wp-content\/uploads\/2025\/11\/Inzeniring.jpg\" loading=\"lazy\" srcset=\"https:\/\/siapro-hydro.devroom.si\/wp-content\/uploads\/2025\/11\/Inzeniring.jpg 559w, https:\/\/siapro-hydro.devroom.si\/wp-content\/uploads\/2025\/11\/Inzeniring-300x225.jpg 300w, https:\/\/siapro-hydro.devroom.si\/wp-content\/uploads\/2025\/11\/Inzeniring-16x12.jpg 16w\" sizes=\"(max-width: 559px) 100vw, 559px\">\n<\/div><\/div><div class=\"bde-columns-410-481 bde-columns\"><div class=\"bde-column-410-482 bde-column\">\n  \n  \n\t\n\n\n\n<img decoding=\"async\" class=\"bde-image2-410-486 bde-image2\" src=\"https:\/\/siapro-hydro.devroom.si\/wp-content\/uploads\/2025\/11\/Siapro_inzeniring.jpg\" loading=\"lazy\" srcset=\"https:\/\/siapro-hydro.devroom.si\/wp-content\/uploads\/2025\/11\/Siapro_inzeniring.jpg 527w, https:\/\/siapro-hydro.devroom.si\/wp-content\/uploads\/2025\/11\/Siapro_inzeniring-300x225.jpg 300w, https:\/\/siapro-hydro.devroom.si\/wp-content\/uploads\/2025\/11\/Siapro_inzeniring-16x12.jpg 16w\" sizes=\"(max-width: 527px) 100vw, 527px\">\n<\/div><div class=\"bde-column-410-484 bde-column\">\n  \n  \n\t\n\n\n\n<img decoding=\"async\" class=\"bde-image2-410-487 bde-image2\" src=\"https:\/\/siapro-hydro.devroom.si\/wp-content\/uploads\/2025\/11\/Mala_hidroelektrarna.jpg\" loading=\"lazy\" srcset=\"https:\/\/siapro-hydro.devroom.si\/wp-content\/uploads\/2025\/11\/Mala_hidroelektrarna.jpg 650w, https:\/\/siapro-hydro.devroom.si\/wp-content\/uploads\/2025\/11\/Mala_hidroelektrarna-300x225.jpg 300w, https:\/\/siapro-hydro.devroom.si\/wp-content\/uploads\/2025\/11\/Mala_hidroelektrarna-16x12.jpg 16w\" sizes=\"(max-width: 650px) 100vw, 650px\">\n<\/div><\/div><\/div>\n<\/section><section class=\"bde-section-410-488 bde-section\">\n  \n  \n\t\n\n\n\n        <div class=\"section-shape-divider-wrapper section-shape-divider-wrapper--1\">\n          <span class=\"section-shape-divider\">\n                      <svg\n                xmlns=\"http:\/\/www.w3.org\/2000\/svg\"\n                viewbox=\"0 0 1440 320\"\n                preserveaspectratio=\"none\"\n            >\n              <path fill=\"currentColor\" fill-opacity=\"1\" d=\"M0,32L40,64C80,96,160,160,240,181.3C320,203,400,181,480,197.3C560,213,640,267,720,261.3C800,256,880,192,960,154.7C1040,117,1120,107,1200,85.3C1280,64,1360,32,1400,16L1440,0L1440,320L1400,320C1360,320,1280,320,1200,320C1120,320,1040,320,960,320C880,320,800,320,720,320C640,320,560,320,480,320C400,320,320,320,240,320C160,320,80,320,40,320L0,320Z\"><\/path>\n            <\/svg>\n                    <\/span>\n      <\/div>\n        <div class=\"section-shape-divider-wrapper section-shape-divider-wrapper--2\">\n          <span class=\"section-shape-divider\">\n                      <svg\n                xmlns=\"http:\/\/www.w3.org\/2000\/svg\"\n                viewbox=\"0 0 1440 320\"\n                preserveaspectratio=\"none\"\n            >\n              <path fill=\"currentColor\" fill-opacity=\"1\" d=\"M0,32L40,64C80,96,160,160,240,181.3C320,203,400,181,480,197.3C560,213,640,267,720,261.3C800,256,880,192,960,154.7C1040,117,1120,107,1200,85.3C1280,64,1360,32,1400,16L1440,0L1440,320L1400,320C1360,320,1280,320,1200,320C1120,320,1040,320,960,320C880,320,800,320,720,320C640,320,560,320,480,320C400,320,320,320,240,320C160,320,80,320,40,320L0,320Z\"><\/path>\n            <\/svg>\n                    <\/span>\n      <\/div>\n  <div class=\"section-container\"><div class=\"bde-div-410-489 bde-div\" data-entrance=\"slideUp\">\n  \n  \n\t\n\n\n\n<div class=\"bde-div-410-490 bde-div\">\n  \n  \n\t\n\n\n\n<h2 class=\"bde-heading-410-491 bde-heading\">\nGet in touch with us for professional advice.\n<\/h2><div class=\"bde-text-410-492 bde-text\">\nContact us for professional advice or a quote for your hydroelectric power plant.\n<\/div><div class=\"bde-button-410-493 bde-button\">\n    \n                                    \n    \n    \n    \n    \n            \n                    \n            \n            \n\n    \n    \n    \n    \n    \n    <a class=\"breakdance-link button-atom button-atom--custom bde-button__button\" href=\"https:\/\/siapro-hydro.devroom.si\/en\/kontakt\/\" target=\"_self\" data-type=\"url\"  >\n\n    \n        <span class=\"button-atom__text\">CONTACT US<\/span>\n\n        \n        \n                <\/a>\n\n    \n\n\n<\/div>\n<\/div>\n<\/div><\/div>\n<\/section>","protected":false},"excerpt":{"rendered":"<p>PROJEKTI NA KLJU\u010c Celovite re\u0161itve za gradnjo malih hidroelektrarn \u2013 od ideje do zagona. O PRODUKTU Ekipa Siapro izvaja projekte na klju\u010d \u2013 od za\u010detnega svetovanja, projektiranja, do dobave opreme, zagona ter kon\u010dne monta\u017ee in popolnega delovanja nove hidroelektrarne. Zagotavljamo komplet nadzor nad investicijo. Mednarodna ekipa Imamo \u0161iroko znanje pridobljeno na podlagi dolgoletnega delovanja v [&hellip;]<\/p>","protected":false},"author":1,"featured_media":0,"parent":227,"menu_order":0,"comment_status":"closed","ping_status":"closed","template":"","meta":{"_breakdance_hide_in_design_set":false,"_breakdance_tags":"","footnotes":""},"class_list":["post-410","page","type-page","status-publish","hentry"],"_links":{"self":[{"href":"https:\/\/siapro-hydro.devroom.si\/en\/wp-json\/wp\/v2\/pages\/410","targetHints":{"allow":["GET"]}}],"collection":[{"href":"https:\/\/siapro-hydro.devroom.si\/en\/wp-json\/wp\/v2\/pages"}],"about":[{"href":"https:\/\/siapro-hydro.devroom.si\/en\/wp-json\/wp\/v2\/types\/page"}],"author":[{"embeddable":true,"href":"https:\/\/siapro-hydro.devroom.si\/en\/wp-json\/wp\/v2\/users\/1"}],"replies":[{"embeddable":true,"href":"https:\/\/siapro-hydro.devroom.si\/en\/wp-json\/wp\/v2\/comments?post=410"}],"version-history":[{"count":7,"href":"https:\/\/siapro-hydro.devroom.si\/en\/wp-json\/wp\/v2\/pages\/410\/revisions"}],"predecessor-version":[{"id":671,"href":"https:\/\/siapro-hydro.devroom.si\/en\/wp-json\/wp\/v2\/pages\/410\/revisions\/671"}],"up":[{"embeddable":true,"href":"https:\/\/siapro-hydro.devroom.si\/en\/wp-json\/wp\/v2\/pages\/227"}],"wp:attachment":[{"href":"https:\/\/siapro-hydro.devroom.si\/en\/wp-json\/wp\/v2\/media?parent=410"}],"curies":[{"name":"wp","href":"https:\/\/api.w.org\/{rel}","templated":true}]}}