{"id":416,"date":"2025-11-15T20:42:10","date_gmt":"2025-11-15T19:42:10","guid":{"rendered":"https:\/\/siapro-hydro.devroom.si\/?page_id=416"},"modified":"2025-11-17T13:00:14","modified_gmt":"2025-11-17T12:00:14","slug":"elektro-oprema","status":"publish","type":"page","link":"https:\/\/siapro-hydro.devroom.si\/en\/hidroelektrarne\/elektro-oprema\/","title":{"rendered":"Electrical equipment"},"content":{"rendered":"<section class=\"bde-section-416-316 bde-section\">\n              \n  \n  \n\t\n\n\n\n<div class=\"section-container\"><h1 class=\"bde-heading-416-102 bde-heading\">\nELECTRICAL EQUIPMENT\n<\/h1><div class=\"bde-text-416-320 bde-text\">\nComprehensive electrical engineering solutions \u2013 from design and programming to installation and commissioning.\n<\/div><\/div>\n<\/section><section id=\"podjetja\" class=\"bde-section-416-399 bde-section\">\n  \n  \n\t\n\n\n\n<div class=\"section-container\"><h2 class=\"bde-heading-416-400 bde-heading heading-with-bar\">\nABOUT THE PRODUCT\n<\/h2><\/div>\n<\/section><section class=\"bde-section-416-332 bde-section\">\n  \n  \n\t\n\n\n\n<div class=\"section-container\"><div class=\"bde-columns-416-408 bde-columns\"><div class=\"bde-column-416-409 bde-column\">\n  \n  \n\t\n\n\n\n<div class=\"bde-rich-text-416-412 bde-rich-text breakdance-rich-text-styles\">\n<p>We offer comprehensive electrical engineering services \u2013 from consulting and planning to equipment supply, installation, and programming. SIAPRO provides complete solutions for all types of projects.<\/p>\n<h3>PLC controller programming<\/h3>\n<p>Our qualified engineers program PLC controllers (Siemens, Omron, Unitronics, Telemecanique, Kl\u00f6ckner Moeller).<\/p>\n<h3>Electrical documentation<\/h3>\n<p>We prepare all the necessary project documentation in accordance with the client's requirements.<\/p>\n<h3>Electrical cabinet manufacturing<\/h3>\n<p>Our experienced engineers design and manufacture control cabinets in our own production facility.<\/p>\n<h3>Installation and commissioning<\/h3>\n<p>Our expert team carries out the complete installation and commissioning of the hydroelectric power plant.<\/p>\n<\/div>\n<\/div><div class=\"bde-column-416-410 bde-column\">\n  \n  \n\t\n\n\n\n<img decoding=\"async\" class=\"bde-image2-416-411 bde-image2\" src=\"https:\/\/siapro-hydro.devroom.si\/wp-content\/uploads\/2025\/11\/DSCF2168.jpg\" loading=\"lazy\" srcset=\"https:\/\/siapro-hydro.devroom.si\/wp-content\/uploads\/2025\/11\/DSCF2168.jpg 900w, https:\/\/siapro-hydro.devroom.si\/wp-content\/uploads\/2025\/11\/DSCF2168-300x225.jpg 300w, https:\/\/siapro-hydro.devroom.si\/wp-content\/uploads\/2025\/11\/DSCF2168-768x576.jpg 768w, https:\/\/siapro-hydro.devroom.si\/wp-content\/uploads\/2025\/11\/DSCF2168-16x12.jpg 16w\" sizes=\"(max-width: 900px) 100vw, 900px\">\n<\/div><\/div><\/div>\n<\/section><section id=\"podjetja\" class=\"bde-section-416-440 bde-section\">\n              \n  \n  \n\t\n\n  <div class=\"section-background-overlay\"><\/div>\n\n\n<div class=\"section-container\"><h2 class=\"bde-heading-416-441 bde-heading heading-with-bar\">\nREFERENCES\n<\/h2><div class=\"bde-grid-416-442 bde-grid\">\n  \n  \n\t\n\n\n\n<div class=\"bde-div-416-443 bde-div\">\n  \n  \n\t\n\n\n\n<h3 class=\"bde-heading-416-444 bde-heading\">\nPhotos\n<\/h3><div class=\"bde-gallery-416-450 bde-gallery\">\n\n\n  \n\n\n\n\n\n\n\n\n\n\n<div class=\"ee-gallery ee-gallery--default ee-gallery--grid ee-gallery--single ee-gallery--lightbox ee-gallery-- ee-gallery--caption- ee-gallery--caption-none ee-gallery--ratio\">\n                  \n      <a class=\"ee-gallery-item ee-gallery-item--image ee-gallery-item--single\" href=\"https:\/\/siapro-hydro.devroom.si\/wp-content\/uploads\/2025\/11\/DSCF2168.jpg\"  data-sub-html=\"<span><\/span>\" data-category=\"1\"                  data-lg-size=\"900-675\"\n\n      >\n        <figure class=\"ee-gallery-item-figure\">\n                        <img decoding=\"async\" class=\"breakdance-image-object\" src=\"https:\/\/siapro-hydro.devroom.si\/wp-content\/uploads\/2025\/11\/DSCF2168.jpg\" width=\"900\" height=\"675\" srcset=\"https:\/\/siapro-hydro.devroom.si\/wp-content\/uploads\/2025\/11\/DSCF2168.jpg 900w, https:\/\/siapro-hydro.devroom.si\/wp-content\/uploads\/2025\/11\/DSCF2168-300x225.jpg 300w, https:\/\/siapro-hydro.devroom.si\/wp-content\/uploads\/2025\/11\/DSCF2168-768x576.jpg 768w, https:\/\/siapro-hydro.devroom.si\/wp-content\/uploads\/2025\/11\/DSCF2168-16x12.jpg 16w\" sizes=\"auto, (max-width: 900px) 100vw, 900px\" loading=\"lazy\">\n          \n                  <\/figure>\n      <\/a>\n\n                \n      <a class=\"ee-gallery-item ee-gallery-item--image ee-gallery-item--single\" href=\"https:\/\/siapro-hydro.devroom.si\/wp-content\/uploads\/2025\/11\/WS_CAD_elektro_nact.jpg\"  data-sub-html=\"<span><\/span>\" data-category=\"1\"                  data-lg-size=\"1000-750\"\n\n      >\n        <figure class=\"ee-gallery-item-figure\">\n                        <img decoding=\"async\" class=\"breakdance-image-object\" src=\"https:\/\/siapro-hydro.devroom.si\/wp-content\/uploads\/2025\/11\/WS_CAD_elektro_nact.jpg\" width=\"1000\" height=\"750\" srcset=\"https:\/\/siapro-hydro.devroom.si\/wp-content\/uploads\/2025\/11\/WS_CAD_elektro_nact.jpg 1000w, https:\/\/siapro-hydro.devroom.si\/wp-content\/uploads\/2025\/11\/WS_CAD_elektro_nact-300x225.jpg 300w, https:\/\/siapro-hydro.devroom.si\/wp-content\/uploads\/2025\/11\/WS_CAD_elektro_nact-768x576.jpg 768w, https:\/\/siapro-hydro.devroom.si\/wp-content\/uploads\/2025\/11\/WS_CAD_elektro_nact-16x12.jpg 16w\" sizes=\"auto, (max-width: 1000px) 100vw, 1000px\" loading=\"lazy\">\n          \n                  <\/figure>\n      <\/a>\n\n                \n      <a class=\"ee-gallery-item ee-gallery-item--image ee-gallery-item--single\" href=\"https:\/\/siapro-hydro.devroom.si\/wp-content\/uploads\/2025\/11\/A4_MHE_ang_srb_3.jpg\"  data-sub-html=\"<span><\/span>\" data-category=\"1\"                  data-lg-size=\"719-539\"\n\n      >\n        <figure class=\"ee-gallery-item-figure\">\n                        <img decoding=\"async\" class=\"breakdance-image-object\" src=\"https:\/\/siapro-hydro.devroom.si\/wp-content\/uploads\/2025\/11\/A4_MHE_ang_srb_3.jpg\" width=\"719\" height=\"539\" srcset=\"https:\/\/siapro-hydro.devroom.si\/wp-content\/uploads\/2025\/11\/A4_MHE_ang_srb_3.jpg 719w, https:\/\/siapro-hydro.devroom.si\/wp-content\/uploads\/2025\/11\/A4_MHE_ang_srb_3-300x225.jpg 300w, https:\/\/siapro-hydro.devroom.si\/wp-content\/uploads\/2025\/11\/A4_MHE_ang_srb_3-16x12.jpg 16w\" sizes=\"auto, (max-width: 719px) 100vw, 719px\" loading=\"lazy\">\n          \n                  <\/figure>\n      <\/a>\n\n                \n      <a class=\"ee-gallery-item ee-gallery-item--image ee-gallery-item--single\" href=\"https:\/\/siapro-hydro.devroom.si\/wp-content\/uploads\/2025\/11\/Siapro_elektro_inzeniring.jpg\"  data-sub-html=\"<span><\/span>\" data-category=\"1\"                  data-lg-size=\"394-295\"\n\n      >\n        <figure class=\"ee-gallery-item-figure\">\n                        <img decoding=\"async\" class=\"breakdance-image-object\" src=\"https:\/\/siapro-hydro.devroom.si\/wp-content\/uploads\/2025\/11\/Siapro_elektro_inzeniring.jpg\" width=\"394\" height=\"295\" srcset=\"https:\/\/siapro-hydro.devroom.si\/wp-content\/uploads\/2025\/11\/Siapro_elektro_inzeniring.jpg 394w, https:\/\/siapro-hydro.devroom.si\/wp-content\/uploads\/2025\/11\/Siapro_elektro_inzeniring-300x225.jpg 300w, https:\/\/siapro-hydro.devroom.si\/wp-content\/uploads\/2025\/11\/Siapro_elektro_inzeniring-16x12.jpg 16w\" sizes=\"auto, (max-width: 394px) 100vw, 394px\" loading=\"lazy\">\n          \n                  <\/figure>\n      <\/a>\n\n                \n      <a class=\"ee-gallery-item ee-gallery-item--image ee-gallery-item--single\" href=\"https:\/\/siapro-hydro.devroom.si\/wp-content\/uploads\/2025\/11\/Elektro_inzeniring_Siapro.jpg\"  data-sub-html=\"<span><\/span>\" data-category=\"1\"                  data-lg-size=\"394-295\"\n\n      >\n        <figure class=\"ee-gallery-item-figure\">\n                        <img decoding=\"async\" class=\"breakdance-image-object\" src=\"https:\/\/siapro-hydro.devroom.si\/wp-content\/uploads\/2025\/11\/Elektro_inzeniring_Siapro.jpg\" width=\"394\" height=\"295\" srcset=\"https:\/\/siapro-hydro.devroom.si\/wp-content\/uploads\/2025\/11\/Elektro_inzeniring_Siapro.jpg 394w, https:\/\/siapro-hydro.devroom.si\/wp-content\/uploads\/2025\/11\/Elektro_inzeniring_Siapro-300x225.jpg 300w, https:\/\/siapro-hydro.devroom.si\/wp-content\/uploads\/2025\/11\/Elektro_inzeniring_Siapro-16x12.jpg 16w\" sizes=\"auto, (max-width: 394px) 100vw, 394px\" loading=\"lazy\">\n          \n                  <\/figure>\n      <\/a>\n\n                \n      <a class=\"ee-gallery-item ee-gallery-item--image ee-gallery-item--single\" href=\"https:\/\/siapro-hydro.devroom.si\/wp-content\/uploads\/2025\/11\/Crosflow_patent_Ep2642115_4.jpg\"  data-sub-html=\"<span><\/span>\" data-category=\"1\"                  data-lg-size=\"900-675\"\n\n      >\n        <figure class=\"ee-gallery-item-figure\">\n                        <img decoding=\"async\" class=\"breakdance-image-object\" src=\"https:\/\/siapro-hydro.devroom.si\/wp-content\/uploads\/2025\/11\/Crosflow_patent_Ep2642115_4.jpg\" width=\"900\" height=\"675\" srcset=\"https:\/\/siapro-hydro.devroom.si\/wp-content\/uploads\/2025\/11\/Crosflow_patent_Ep2642115_4.jpg 900w, https:\/\/siapro-hydro.devroom.si\/wp-content\/uploads\/2025\/11\/Crosflow_patent_Ep2642115_4-300x225.jpg 300w, https:\/\/siapro-hydro.devroom.si\/wp-content\/uploads\/2025\/11\/Crosflow_patent_Ep2642115_4-768x576.jpg 768w, https:\/\/siapro-hydro.devroom.si\/wp-content\/uploads\/2025\/11\/Crosflow_patent_Ep2642115_4-16x12.jpg 16w\" sizes=\"auto, (max-width: 900px) 100vw, 900px\" loading=\"lazy\">\n          \n                  <\/figure>\n      <\/a>\n\n      \n  <\/div>\n\n\n\n<\/div>\n<\/div>\n<\/div><div class=\"bde-text-416-449 bde-text\">\nWe reserve all rights to the content and photographs on this website. Any use of the content, in whole or in part, is prohibited without prior written consent from Siapro. All photos \u00a9Siapro.\n<\/div><\/div>\n<\/section>","protected":false},"excerpt":{"rendered":"<p>ELEKTRO OPREMA Celovite elektrotehni\u0161ke re\u0161itve \u2013 od projektiranja in programiranja do monta\u017ee in zagona. O PRODUKTU Ponujamo celovite elektrotehni\u0161ke storitve \u2013 od svetovanja in na\u010drtovanja do dobave opreme, monta\u017ee in programiranja. SIAPRO nudi popolne re\u0161itve za vse vrste projektov. Programiranje PLC krmilnikov Na\u0161i usposobljeni in\u017eenirji programirajo PLC krmilnike (Siemens, Omron, Unitronics, Telemecanique, Kl\u00f6ckner Moeller). Elektro [&hellip;]<\/p>","protected":false},"author":1,"featured_media":0,"parent":227,"menu_order":0,"comment_status":"closed","ping_status":"closed","template":"","meta":{"_breakdance_hide_in_design_set":false,"_breakdance_tags":"","footnotes":""},"class_list":["post-416","page","type-page","status-publish","hentry"],"_links":{"self":[{"href":"https:\/\/siapro-hydro.devroom.si\/en\/wp-json\/wp\/v2\/pages\/416","targetHints":{"allow":["GET"]}}],"collection":[{"href":"https:\/\/siapro-hydro.devroom.si\/en\/wp-json\/wp\/v2\/pages"}],"about":[{"href":"https:\/\/siapro-hydro.devroom.si\/en\/wp-json\/wp\/v2\/types\/page"}],"author":[{"embeddable":true,"href":"https:\/\/siapro-hydro.devroom.si\/en\/wp-json\/wp\/v2\/users\/1"}],"replies":[{"embeddable":true,"href":"https:\/\/siapro-hydro.devroom.si\/en\/wp-json\/wp\/v2\/comments?post=416"}],"version-history":[{"count":3,"href":"https:\/\/siapro-hydro.devroom.si\/en\/wp-json\/wp\/v2\/pages\/416\/revisions"}],"predecessor-version":[{"id":680,"href":"https:\/\/siapro-hydro.devroom.si\/en\/wp-json\/wp\/v2\/pages\/416\/revisions\/680"}],"up":[{"embeddable":true,"href":"https:\/\/siapro-hydro.devroom.si\/en\/wp-json\/wp\/v2\/pages\/227"}],"wp:attachment":[{"href":"https:\/\/siapro-hydro.devroom.si\/en\/wp-json\/wp\/v2\/media?parent=416"}],"curies":[{"name":"wp","href":"https:\/\/api.w.org\/{rel}","templated":true}]}}