{"id":546,"date":"2025-11-16T17:04:29","date_gmt":"2025-11-16T16:04:29","guid":{"rendered":"https:\/\/siapro-hydro.devroom.si\/?page_id=546"},"modified":"2025-11-16T19:03:56","modified_gmt":"2025-11-16T18:03:56","slug":"rabljena-oprema","status":"publish","type":"page","link":"https:\/\/siapro-hydro.devroom.si\/en\/rabljena-oprema\/","title":{"rendered":"Used equipment"},"content":{"rendered":"<section class=\"bde-section-546-316 bde-section\">\n              \n  \n  \n\t\n\n\n\n<div class=\"section-container\"><h1 class=\"bde-heading-546-102 bde-heading\">\nUSED EQUIPMENT\n<\/h1><div class=\"bde-text-546-320 bde-text\">\nSelected used equipment \u2013 inspected, maintained, and ready for use.\n<\/div><\/div>\n<\/section><section id=\"podjetja\" class=\"bde-section-546-399 bde-section\">\n  \n  \n\t\n\n\n\n<div class=\"section-container\"><h2 class=\"bde-heading-546-400 bde-heading heading-with-bar\">\nLIST OF USED EQUIPMENT\n<\/h2><\/div>\n<\/section><section class=\"bde-section-546-332 bde-section\">\n  \n  \n\t\n\n\n\n<div class=\"section-container\"><div class=\"bde-post-list-546-481 bde-post-list\">\n    <div class=\"bde-isotope-filter-bar\">\n        <div class=\"bde-tabs\">\n            \n\n        \n  \n  \n  <div class=\"bde-tabs__tabslist-container bde-tabs__tabslist-container--scrollable is-horizontal js-tabs-container\">\n    <div class=\"bde-tabs__tabslist bde-tabs__tabslist--default js-tablist\" role=\"tablist\" aria-label=\"Content tabs\" aria-orientation=\"horizontal\" data-tabs-id=\"isotope\">\n      \n              <button role=\"tab\" aria-selected=\"false\" class=\"bde-tabs__tab js-tab\" aria-controls=\"tab-panel-isotope-1\" id=\"tab-isotope-1\" data-value=\"5\">\n                    <span class=\"bde-tabs__tab-title\">References<\/span>\n        <\/button>\n              <button role=\"tab\" aria-selected=\"false\" class=\"bde-tabs__tab js-tab\" aria-controls=\"tab-panel-isotope-2\" id=\"tab-isotope-2\" data-value=\"6\">\n                    <span class=\"bde-tabs__tab-title\">New hydropower plants<\/span>\n        <\/button>\n              <button role=\"tab\" aria-selected=\"false\" class=\"bde-tabs__tab js-tab\" aria-controls=\"tab-panel-isotope-3\" id=\"tab-isotope-3\" data-value=\"7\">\n                    <span class=\"bde-tabs__tab-title\">New hydromechanical equipment<\/span>\n        <\/button>\n              <button role=\"tab\" aria-selected=\"false\" class=\"bde-tabs__tab js-tab\" aria-controls=\"tab-panel-isotope-4\" id=\"tab-isotope-4\" data-value=\"8\">\n                    <span class=\"bde-tabs__tab-title\">Hydropower plant upgrades<\/span>\n        <\/button>\n          <\/div>\n  <\/div>\n\n\n        <\/div>\n    <\/div>\n<div class=\"bde-loop bde-loop-grid ee-posts ee-posts-grid bde-loop-isotope ee-posts-isotope\">    <article class=\"bde-loop-item ee-post initially-hidden\" style=\"display: none;\" data-filters=\"1\">\n                                <a class=\"bde-loop-item__image-link ee-post-image-link\" href=\"https:\/\/siapro-hydro.devroom.si\/en\/novoletno-voscilo-in-obvestilo-o-poslovnem-casu\/\" aria-label=\"Season\u2019s Greetings and Holiday Closure Notice\">\n                <div class=\"bde-loop-item__image ee-post-image\">\n                    <img loading=\"lazy\" decoding=\"async\" width=\"940\" height=\"788\" src=\"https:\/\/siapro-hydro.devroom.si\/wp-content\/uploads\/2025\/12\/Christmas-greetings.jpg\" class=\"attachment-full size-full wp-post-image\" alt=\"\" srcset=\"https:\/\/siapro-hydro.devroom.si\/wp-content\/uploads\/2025\/12\/Christmas-greetings.jpg 940w, https:\/\/siapro-hydro.devroom.si\/wp-content\/uploads\/2025\/12\/Christmas-greetings-300x251.jpg 300w, https:\/\/siapro-hydro.devroom.si\/wp-content\/uploads\/2025\/12\/Christmas-greetings-768x644.jpg 768w, https:\/\/siapro-hydro.devroom.si\/wp-content\/uploads\/2025\/12\/Christmas-greetings-14x12.jpg 14w\" sizes=\"auto, (max-width: 940px) 100vw, 940px\" \/>                <\/div>\n            <\/a>\n        \n        \n        <div class=\"bde-loop-item__wrap ee-post-wrap\">\n            \n                            <h3 class=\"ee-post-title\">\n                    <a class=\"bde-loop-item__title-link ee-post-title-link\" href=\"https:\/\/siapro-hydro.devroom.si\/en\/novoletno-voscilo-in-obvestilo-o-poslovnem-casu\/\">\n                        Season\u2019s Greetings and Holiday Closure Notice                    <\/a>\n                <\/h3>\n                            <div class=\"bde-loop-item__post-meta ee-post-meta\">\n                                                                                <span class=\"bde-loop-item__meta-date bde-loop-item__meta-item ee-post-meta-date ee-post-meta-item\">\n                                    11. December, 2025                                <\/span>\n                                                \n                <\/div>\n                            <div class=\"bde-loop-item__content ee-post-content\">\n                    Spo\u0161tovani poslovni partnerji, ob zaklju\u010dku leta 2025 se vam iskreno zahvaljujemo za va\u0161e sodelovanje, podporo in zaupanje.Naj vam leto 2026 prinese veliko uspeha in novih prilo\u017enosti. Obenem vas \u017eelimo obvestiti,&hellip;                <\/div>\n            \n    \n                                    \n    \n    \n    \n    \n            \n                    \n            \n            \n\n    \n    \n    \n    \n    \n    <a class=\"breakdance-link button-atom button-atom--primary bde-loop-item__button ee-post-button\" href=\"https:\/\/siapro-hydro.devroom.si\/en\/novoletno-voscilo-in-obvestilo-o-poslovnem-casu\/\" target=\"_self\" data-type=\"\">\n\n    \n        <span class=\"button-atom__text\">Read more<\/span>\n\n        \n        \n                <\/a>\n\n    \n\n\n\n\n            \n        <\/div>\n\n    <\/article>\n\n    <article class=\"bde-loop-item ee-post\" data-filters=\"8,5\">\n                                <a class=\"bde-loop-item__image-link ee-post-image-link\" href=\"https:\/\/siapro-hydro.devroom.si\/en\/servis-male-hidroelektrarne\/\" aria-label=\"Small hydropower plant service\">\n                <div class=\"bde-loop-item__image ee-post-image\">\n                    <img loading=\"lazy\" decoding=\"async\" width=\"655\" height=\"1024\" src=\"https:\/\/siapro-hydro.devroom.si\/wp-content\/uploads\/2025\/11\/Kaplan_turbine_maintenance.jpg\" class=\"attachment-full size-full wp-post-image\" alt=\"\" srcset=\"https:\/\/siapro-hydro.devroom.si\/wp-content\/uploads\/2025\/11\/Kaplan_turbine_maintenance.jpg 655w, https:\/\/siapro-hydro.devroom.si\/wp-content\/uploads\/2025\/11\/Kaplan_turbine_maintenance-192x300.jpg 192w, https:\/\/siapro-hydro.devroom.si\/wp-content\/uploads\/2025\/11\/Kaplan_turbine_maintenance-8x12.jpg 8w\" sizes=\"auto, (max-width: 655px) 100vw, 655px\" \/>                <\/div>\n            <\/a>\n        \n        \n        <div class=\"bde-loop-item__wrap ee-post-wrap\">\n            \n                            <h3 class=\"ee-post-title\">\n                    <a class=\"bde-loop-item__title-link ee-post-title-link\" href=\"https:\/\/siapro-hydro.devroom.si\/en\/servis-male-hidroelektrarne\/\">\n                        Small hydropower plant service                    <\/a>\n                <\/h3>\n                            <div class=\"bde-loop-item__post-meta ee-post-meta\">\n                                                                                <span class=\"bde-loop-item__meta-date bde-loop-item__meta-item ee-post-meta-date ee-post-meta-item\">\n                                    18. November, 2025                                <\/span>\n                                                \n                <\/div>\n                            <div class=\"bde-loop-item__content ee-post-content\">\n                    We have successfully completed the servicing of our small hydropower plant equipped with two Kaplan turbines. Our expert team performed a comprehensive inspection and maintenance, ensuring flawless operation and optimized efficiency.                <\/div>\n            \n    \n                                    \n    \n    \n    \n    \n            \n                    \n            \n            \n\n    \n    \n    \n    \n    \n    <a class=\"breakdance-link button-atom button-atom--primary bde-loop-item__button ee-post-button\" href=\"https:\/\/siapro-hydro.devroom.si\/en\/servis-male-hidroelektrarne\/\" target=\"_self\" data-type=\"\">\n\n    \n        <span class=\"button-atom__text\">Read more<\/span>\n\n        \n        \n                <\/a>\n\n    \n\n\n\n\n            \n        <\/div>\n\n    <\/article>\n\n    <article class=\"bde-loop-item ee-post\" data-filters=\"6,5\">\n                                <a class=\"bde-loop-item__image-link ee-post-image-link\" href=\"https:\/\/siapro-hydro.devroom.si\/en\/kplana-turbina-z-dvojno-regulacijo-160-kw\/\" aria-label=\"Kaplan turbine with double regulation, 160 kW\">\n                <div class=\"bde-loop-item__image ee-post-image\">\n                    <img loading=\"lazy\" decoding=\"async\" width=\"1280\" height=\"960\" src=\"https:\/\/siapro-hydro.devroom.si\/wp-content\/uploads\/2025\/11\/Kaplan_siapro_assembly_1.jpg\" class=\"attachment-full size-full wp-post-image\" alt=\"\" srcset=\"https:\/\/siapro-hydro.devroom.si\/wp-content\/uploads\/2025\/11\/Kaplan_siapro_assembly_1.jpg 1280w, https:\/\/siapro-hydro.devroom.si\/wp-content\/uploads\/2025\/11\/Kaplan_siapro_assembly_1-300x225.jpg 300w, https:\/\/siapro-hydro.devroom.si\/wp-content\/uploads\/2025\/11\/Kaplan_siapro_assembly_1-1024x768.jpg 1024w, https:\/\/siapro-hydro.devroom.si\/wp-content\/uploads\/2025\/11\/Kaplan_siapro_assembly_1-768x576.jpg 768w, https:\/\/siapro-hydro.devroom.si\/wp-content\/uploads\/2025\/11\/Kaplan_siapro_assembly_1-16x12.jpg 16w\" sizes=\"auto, (max-width: 1280px) 100vw, 1280px\" \/>                <\/div>\n            <\/a>\n        \n        \n        <div class=\"bde-loop-item__wrap ee-post-wrap\">\n            \n                            <h3 class=\"ee-post-title\">\n                    <a class=\"bde-loop-item__title-link ee-post-title-link\" href=\"https:\/\/siapro-hydro.devroom.si\/en\/kplana-turbina-z-dvojno-regulacijo-160-kw\/\">\n                        Kaplan turbine with double regulation, 160 kW                    <\/a>\n                <\/h3>\n                            <div class=\"bde-loop-item__post-meta ee-post-meta\">\n                                                                                <span class=\"bde-loop-item__meta-date bde-loop-item__meta-item ee-post-meta-date ee-post-meta-item\">\n                                    18. November, 2025                                <\/span>\n                                                \n                <\/div>\n                            <div class=\"bde-loop-item__content ee-post-content\">\n                    Supply and installation of a new tubular Kaplan turbine with double regulation.                <\/div>\n            \n    \n                                    \n    \n    \n    \n    \n            \n                    \n            \n            \n\n    \n    \n    \n    \n    \n    <a class=\"breakdance-link button-atom button-atom--primary bde-loop-item__button ee-post-button\" href=\"https:\/\/siapro-hydro.devroom.si\/en\/kplana-turbina-z-dvojno-regulacijo-160-kw\/\" target=\"_self\" data-type=\"\">\n\n    \n        <span class=\"button-atom__text\">Read more<\/span>\n\n        \n        \n                <\/a>\n\n    \n\n\n\n\n            \n        <\/div>\n\n    <\/article>\n\n    <article class=\"bde-loop-item ee-post\" data-filters=\"6,5\">\n                                <a class=\"bde-loop-item__image-link ee-post-image-link\" href=\"https:\/\/siapro-hydro.devroom.si\/en\/posebna-dvojno-regulirana-kaplan-turbina\/\" aria-label=\"Special double-regulated Kaplan turbine\">\n                <div class=\"bde-loop-item__image ee-post-image\">\n                    <img loading=\"lazy\" decoding=\"async\" width=\"768\" height=\"1024\" src=\"https:\/\/siapro-hydro.devroom.si\/wp-content\/uploads\/2025\/11\/Kaplan_Siapro_in_Japan_3.jpg\" class=\"attachment-full size-full wp-post-image\" alt=\"\" srcset=\"https:\/\/siapro-hydro.devroom.si\/wp-content\/uploads\/2025\/11\/Kaplan_Siapro_in_Japan_3.jpg 768w, https:\/\/siapro-hydro.devroom.si\/wp-content\/uploads\/2025\/11\/Kaplan_Siapro_in_Japan_3-225x300.jpg 225w, https:\/\/siapro-hydro.devroom.si\/wp-content\/uploads\/2025\/11\/Kaplan_Siapro_in_Japan_3-9x12.jpg 9w\" sizes=\"auto, (max-width: 768px) 100vw, 768px\" \/>                <\/div>\n            <\/a>\n        \n        \n        <div class=\"bde-loop-item__wrap ee-post-wrap\">\n            \n                            <h3 class=\"ee-post-title\">\n                    <a class=\"bde-loop-item__title-link ee-post-title-link\" href=\"https:\/\/siapro-hydro.devroom.si\/en\/posebna-dvojno-regulirana-kaplan-turbina\/\">\n                        Special double-regulated Kaplan turbine                    <\/a>\n                <\/h3>\n                            <div class=\"bde-loop-item__post-meta ee-post-meta\">\n                                                                                <span class=\"bde-loop-item__meta-date bde-loop-item__meta-item ee-post-meta-date ee-post-meta-item\">\n                                    18. November, 2025                                <\/span>\n                                                \n                <\/div>\n                            <div class=\"bde-loop-item__content ee-post-content\">\n                    We installed the hydropower plant in Japan.                <\/div>\n            \n    \n                                    \n    \n    \n    \n    \n            \n                    \n            \n            \n\n    \n    \n    \n    \n    \n    <a class=\"breakdance-link button-atom button-atom--primary bde-loop-item__button ee-post-button\" href=\"https:\/\/siapro-hydro.devroom.si\/en\/posebna-dvojno-regulirana-kaplan-turbina\/\" target=\"_self\" data-type=\"\">\n\n    \n        <span class=\"button-atom__text\">Read more<\/span>\n\n        \n        \n                <\/a>\n\n    \n\n\n\n\n            \n        <\/div>\n\n    <\/article>\n\n    <article class=\"bde-loop-item ee-post\" data-filters=\"6,5\">\n                                <a class=\"bde-loop-item__image-link ee-post-image-link\" href=\"https:\/\/siapro-hydro.devroom.si\/en\/pelton-turbina-100-kva\/\" aria-label=\"Pelton turbine 100 kVA\">\n                <div class=\"bde-loop-item__image ee-post-image\">\n                    <img loading=\"lazy\" decoding=\"async\" width=\"2048\" height=\"1536\" src=\"https:\/\/siapro-hydro.devroom.si\/wp-content\/uploads\/2025\/11\/Pelton_turbine_made_by_Siapro.jpg\" class=\"attachment-full size-full wp-post-image\" alt=\"\" srcset=\"https:\/\/siapro-hydro.devroom.si\/wp-content\/uploads\/2025\/11\/Pelton_turbine_made_by_Siapro.jpg 2048w, https:\/\/siapro-hydro.devroom.si\/wp-content\/uploads\/2025\/11\/Pelton_turbine_made_by_Siapro-300x225.jpg 300w, https:\/\/siapro-hydro.devroom.si\/wp-content\/uploads\/2025\/11\/Pelton_turbine_made_by_Siapro-1024x768.jpg 1024w, https:\/\/siapro-hydro.devroom.si\/wp-content\/uploads\/2025\/11\/Pelton_turbine_made_by_Siapro-768x576.jpg 768w, https:\/\/siapro-hydro.devroom.si\/wp-content\/uploads\/2025\/11\/Pelton_turbine_made_by_Siapro-1536x1152.jpg 1536w, https:\/\/siapro-hydro.devroom.si\/wp-content\/uploads\/2025\/11\/Pelton_turbine_made_by_Siapro-16x12.jpg 16w\" sizes=\"auto, (max-width: 2048px) 100vw, 2048px\" \/>                <\/div>\n            <\/a>\n        \n        \n        <div class=\"bde-loop-item__wrap ee-post-wrap\">\n            \n                            <h3 class=\"ee-post-title\">\n                    <a class=\"bde-loop-item__title-link ee-post-title-link\" href=\"https:\/\/siapro-hydro.devroom.si\/en\/pelton-turbina-100-kva\/\">\n                        Pelton turbine 100 kVA                    <\/a>\n                <\/h3>\n                            <div class=\"bde-loop-item__post-meta ee-post-meta\">\n                                                                                <span class=\"bde-loop-item__meta-date bde-loop-item__meta-item ee-post-meta-date ee-post-meta-item\">\n                                    18. November, 2025                                <\/span>\n                                                \n                <\/div>\n                            <div class=\"bde-loop-item__content ee-post-content\">\n                    We installed the hydropower plant in Austria. The hydroturbine was 100% manufactured in Slovenia by Siapro. The turbine is made from high-quality materials.                <\/div>\n            \n    \n                                    \n    \n    \n    \n    \n            \n                    \n            \n            \n\n    \n    \n    \n    \n    \n    <a class=\"breakdance-link button-atom button-atom--primary bde-loop-item__button ee-post-button\" href=\"https:\/\/siapro-hydro.devroom.si\/en\/pelton-turbina-100-kva\/\" target=\"_self\" data-type=\"\">\n\n    \n        <span class=\"button-atom__text\">Read more<\/span>\n\n        \n        \n                <\/a>\n\n    \n\n\n\n\n            \n        <\/div>\n\n    <\/article>\n\n    <article class=\"bde-loop-item ee-post\" data-filters=\"5,6\">\n                                <a class=\"bde-loop-item__image-link ee-post-image-link\" href=\"https:\/\/siapro-hydro.devroom.si\/en\/horizontal-francis-turbina-100-kw\/\" aria-label=\"Horizontal Francis turbine, 100 kW\">\n                <div class=\"bde-loop-item__image ee-post-image\">\n                    <img loading=\"lazy\" decoding=\"async\" width=\"1280\" height=\"960\" src=\"https:\/\/siapro-hydro.devroom.si\/wp-content\/uploads\/2025\/11\/Francis_Siapro_workshop.jpg\" class=\"attachment-full size-full wp-post-image\" alt=\"\" srcset=\"https:\/\/siapro-hydro.devroom.si\/wp-content\/uploads\/2025\/11\/Francis_Siapro_workshop.jpg 1280w, https:\/\/siapro-hydro.devroom.si\/wp-content\/uploads\/2025\/11\/Francis_Siapro_workshop-300x225.jpg 300w, https:\/\/siapro-hydro.devroom.si\/wp-content\/uploads\/2025\/11\/Francis_Siapro_workshop-1024x768.jpg 1024w, https:\/\/siapro-hydro.devroom.si\/wp-content\/uploads\/2025\/11\/Francis_Siapro_workshop-768x576.jpg 768w, https:\/\/siapro-hydro.devroom.si\/wp-content\/uploads\/2025\/11\/Francis_Siapro_workshop-16x12.jpg 16w\" sizes=\"auto, (max-width: 1280px) 100vw, 1280px\" \/>                <\/div>\n            <\/a>\n        \n        \n        <div class=\"bde-loop-item__wrap ee-post-wrap\">\n            \n                            <h3 class=\"ee-post-title\">\n                    <a class=\"bde-loop-item__title-link ee-post-title-link\" href=\"https:\/\/siapro-hydro.devroom.si\/en\/horizontal-francis-turbina-100-kw\/\">\n                        Horizontal Francis turbine, 100 kW                    <\/a>\n                <\/h3>\n                            <div class=\"bde-loop-item__post-meta ee-post-meta\">\n                                                                                <span class=\"bde-loop-item__meta-date bde-loop-item__meta-item ee-post-meta-date ee-post-meta-item\">\n                                    18. November, 2025                                <\/span>\n                                                \n                <\/div>\n                            <div class=\"bde-loop-item__content ee-post-content\">\n                    Asynchronous generator. Video                <\/div>\n            \n    \n                                    \n    \n    \n    \n    \n            \n                    \n            \n            \n\n    \n    \n    \n    \n    \n    <a class=\"breakdance-link button-atom button-atom--primary bde-loop-item__button ee-post-button\" href=\"https:\/\/siapro-hydro.devroom.si\/en\/horizontal-francis-turbina-100-kw\/\" target=\"_self\" data-type=\"\">\n\n    \n        <span class=\"button-atom__text\">Read more<\/span>\n\n        \n        \n                <\/a>\n\n    \n\n\n\n\n            \n        <\/div>\n\n    <\/article>\n\n    <article class=\"bde-loop-item ee-post\" data-filters=\"8,5\">\n                                <a class=\"bde-loop-item__image-link ee-post-image-link\" href=\"https:\/\/siapro-hydro.devroom.si\/en\/obnova-100-let-starih-rotorjev-hidroelektrarne\/\" aria-label=\"Renovation of 100-year-old hydropower plant rotors\">\n                <div class=\"bde-loop-item__image ee-post-image\">\n                    <img loading=\"lazy\" decoding=\"async\" width=\"857\" height=\"1024\" src=\"https:\/\/siapro-hydro.devroom.si\/wp-content\/uploads\/2025\/11\/refubrished_Francis_rotor.jpg\" class=\"attachment-full size-full wp-post-image\" alt=\"\" srcset=\"https:\/\/siapro-hydro.devroom.si\/wp-content\/uploads\/2025\/11\/refubrished_Francis_rotor.jpg 857w, https:\/\/siapro-hydro.devroom.si\/wp-content\/uploads\/2025\/11\/refubrished_Francis_rotor-251x300.jpg 251w, https:\/\/siapro-hydro.devroom.si\/wp-content\/uploads\/2025\/11\/refubrished_Francis_rotor-768x918.jpg 768w, https:\/\/siapro-hydro.devroom.si\/wp-content\/uploads\/2025\/11\/refubrished_Francis_rotor-10x12.jpg 10w\" sizes=\"auto, (max-width: 857px) 100vw, 857px\" \/>                <\/div>\n            <\/a>\n        \n        \n        <div class=\"bde-loop-item__wrap ee-post-wrap\">\n            \n                            <h3 class=\"ee-post-title\">\n                    <a class=\"bde-loop-item__title-link ee-post-title-link\" href=\"https:\/\/siapro-hydro.devroom.si\/en\/obnova-100-let-starih-rotorjev-hidroelektrarne\/\">\n                        Renovation of 100-year-old hydropower plant rotors                    <\/a>\n                <\/h3>\n                            <div class=\"bde-loop-item__post-meta ee-post-meta\">\n                                                                                <span class=\"bde-loop-item__meta-date bde-loop-item__meta-item ee-post-meta-date ee-post-meta-item\">\n                                    18. November, 2025                                <\/span>\n                                                \n                <\/div>\n                            <div class=\"bde-loop-item__content ee-post-content\">\n                    The photo shows 100-year-old rotors that we renovated at Siapro.\nThere are many old hydropower plants still in excellent condition. However, renovation can bring several key advantages in green energy,\u2026                <\/div>\n            \n    \n                                    \n    \n    \n    \n    \n            \n                    \n            \n            \n\n    \n    \n    \n    \n    \n    <a class=\"breakdance-link button-atom button-atom--primary bde-loop-item__button ee-post-button\" href=\"https:\/\/siapro-hydro.devroom.si\/en\/obnova-100-let-starih-rotorjev-hidroelektrarne\/\" target=\"_self\" data-type=\"\">\n\n    \n        <span class=\"button-atom__text\">Read more<\/span>\n\n        \n        \n                <\/a>\n\n    \n\n\n\n\n            \n        <\/div>\n\n    <\/article>\n\n    <article class=\"bde-loop-item ee-post\" data-filters=\"7,5\">\n                                <a class=\"bde-loop-item__image-link ee-post-image-link\" href=\"https:\/\/siapro-hydro.devroom.si\/en\/avtomatski-cistilni-stroj-s-fino-resetko\/\" aria-label=\"Automatic cleaning machine with fine screen\">\n                <div class=\"bde-loop-item__image ee-post-image\">\n                    <img loading=\"lazy\" decoding=\"async\" width=\"769\" height=\"1024\" src=\"https:\/\/siapro-hydro.devroom.si\/wp-content\/uploads\/2025\/11\/Cleaning_machine.jpg\" class=\"attachment-full size-full wp-post-image\" alt=\"\" srcset=\"https:\/\/siapro-hydro.devroom.si\/wp-content\/uploads\/2025\/11\/Cleaning_machine.jpg 769w, https:\/\/siapro-hydro.devroom.si\/wp-content\/uploads\/2025\/11\/Cleaning_machine-225x300.jpg 225w, https:\/\/siapro-hydro.devroom.si\/wp-content\/uploads\/2025\/11\/Cleaning_machine-9x12.jpg 9w\" sizes=\"auto, (max-width: 769px) 100vw, 769px\" \/>                <\/div>\n            <\/a>\n        \n        \n        <div class=\"bde-loop-item__wrap ee-post-wrap\">\n            \n                            <h3 class=\"ee-post-title\">\n                    <a class=\"bde-loop-item__title-link ee-post-title-link\" href=\"https:\/\/siapro-hydro.devroom.si\/en\/avtomatski-cistilni-stroj-s-fino-resetko\/\">\n                        Automatic cleaning machine with fine screen                    <\/a>\n                <\/h3>\n                            <div class=\"bde-loop-item__post-meta ee-post-meta\">\n                                                                                <span class=\"bde-loop-item__meta-date bde-loop-item__meta-item ee-post-meta-date ee-post-meta-item\">\n                                    18. November, 2025                                <\/span>\n                                                \n                <\/div>\n                            <div class=\"bde-loop-item__content ee-post-content\">\n                    Fine screens are installed in front of the pipeline inlet. We installed an automatic cleaning machine.                <\/div>\n            \n    \n                                    \n    \n    \n    \n    \n            \n                    \n            \n            \n\n    \n    \n    \n    \n    \n    <a class=\"breakdance-link button-atom button-atom--primary bde-loop-item__button ee-post-button\" href=\"https:\/\/siapro-hydro.devroom.si\/en\/avtomatski-cistilni-stroj-s-fino-resetko\/\" target=\"_self\" data-type=\"\">\n\n    \n        <span class=\"button-atom__text\">Read more<\/span>\n\n        \n        \n                <\/a>\n\n    \n\n\n\n\n            \n        <\/div>\n\n    <\/article>\n\n<div class=\"bde-loop-item-gutter ee-post-gutter\"><\/div><div class=\"bde-loop-item-sizer ee-post-sizer\"><\/div><\/div>\n<\/div><\/div>\n<\/section>","protected":false},"excerpt":{"rendered":"","protected":false},"author":1,"featured_media":0,"parent":0,"menu_order":0,"comment_status":"closed","ping_status":"closed","template":"","meta":{"_breakdance_hide_in_design_set":false,"_breakdance_tags":"","footnotes":""},"class_list":["post-546","page","type-page","status-publish","hentry"],"_links":{"self":[{"href":"https:\/\/siapro-hydro.devroom.si\/en\/wp-json\/wp\/v2\/pages\/546","targetHints":{"allow":["GET"]}}],"collection":[{"href":"https:\/\/siapro-hydro.devroom.si\/en\/wp-json\/wp\/v2\/pages"}],"about":[{"href":"https:\/\/siapro-hydro.devroom.si\/en\/wp-json\/wp\/v2\/types\/page"}],"author":[{"embeddable":true,"href":"https:\/\/siapro-hydro.devroom.si\/en\/wp-json\/wp\/v2\/users\/1"}],"replies":[{"embeddable":true,"href":"https:\/\/siapro-hydro.devroom.si\/en\/wp-json\/wp\/v2\/comments?post=546"}],"version-history":[{"count":5,"href":"https:\/\/siapro-hydro.devroom.si\/en\/wp-json\/wp\/v2\/pages\/546\/revisions"}],"predecessor-version":[{"id":572,"href":"https:\/\/siapro-hydro.devroom.si\/en\/wp-json\/wp\/v2\/pages\/546\/revisions\/572"}],"wp:attachment":[{"href":"https:\/\/siapro-hydro.devroom.si\/en\/wp-json\/wp\/v2\/media?parent=546"}],"curies":[{"name":"wp","href":"https:\/\/api.w.org\/{rel}","templated":true}]}}