{"id":608,"date":"2025-11-16T20:48:42","date_gmt":"2025-11-16T19:48:42","guid":{"rendered":"https:\/\/siapro-hydro.devroom.si\/?page_id=608"},"modified":"2025-11-17T08:25:51","modified_gmt":"2025-11-17T07:25:51","slug":"posodobitve-elektronske-opreme","status":"publish","type":"page","link":"https:\/\/siapro-hydro.devroom.si\/en\/posodobitve-elektronske-opreme\/","title":{"rendered":"Electronic equipment upgrades"},"content":{"rendered":"<section class=\"bde-section-608-316 bde-section\">\n              \n  \n  \n\t\n\n\n\n<div class=\"section-container\"><h1 class=\"bde-heading-608-102 bde-heading\">\nElectronic equipment upgrades\n<\/h1><div class=\"bde-text-608-320 bde-text\">\nModernizacija krmilnih sistemov za zanesljivo delovanje hidroelektrarn\n<\/div><\/div>\n<\/section><section class=\"bde-section-608-332 bde-section\">\n  \n  \n\t\n\n\n\n<div class=\"section-container\"><div class=\"bde-text-608-334 bde-text\">\nPonujamo celovite storitve posodobitve in modernizacije elektronike hidroelektrarn.<br>Na\u0161a ekipa nadgradi zastarele elektro krmilne sisteme, vgradi sodobne PLC re\u0161itve, poskrbi za dokumentacijo in zagotovi popolno avtomatizacijo delovanja mHE ali HE.\n<\/div><\/div>\n<\/section><section id=\"podjetja\" class=\"bde-section-608-399 bde-section\">\n  \n  \n\t\n\n\n\n<div class=\"section-container\"><h2 class=\"bde-heading-608-400 bde-heading heading-with-bar\">\nKaj vklju\u010dujejo posodobitve elektro opreme?\n<\/h2><\/div>\n<\/section><section class=\"bde-section-608-385 bde-section\">\n              \n  \n  \n\t\n\n  <div class=\"section-background-overlay\"><\/div>\n\n\n<div class=\"section-container\"><div class=\"bde-columns-608-433 bde-columns\"><div class=\"bde-column-608-434 bde-column\">\n  \n  \n\t\n\n\n\n<div class=\"bde-rich-text-608-431 bde-rich-text breakdance-rich-text-styles\">\n<h3 data-start=\"2708\" data-end=\"2755\">1) <strong data-start=\"2715\" data-end=\"2755\">Posodobitev in menjava krmilnih omar<\/strong><\/h3>\n<ul data-start=\"2756\" data-end=\"2854\">\n<li data-start=\"2756\" data-end=\"2788\">\n<p data-start=\"2758\" data-end=\"2788\">nova elektro omara (po meri)<\/p>\n<\/li>\n<li data-start=\"2789\" data-end=\"2825\">\n<p data-start=\"2791\" data-end=\"2825\">u\u010dinkovitej\u0161a organizacija vezav<\/p>\n<\/li>\n<li data-start=\"2826\" data-end=\"2854\">\n<p data-start=\"2828\" data-end=\"2854\">odprava zastarele opreme<\/p>\n<\/li>\n<\/ul>\n<h3 data-start=\"2856\" data-end=\"2902\">2) <strong data-start=\"2863\" data-end=\"2902\">Programiranje sodobnih PLC sistemov<\/strong><\/h3>\n<ul data-start=\"2903\" data-end=\"3004\">\n<li data-start=\"2903\" data-end=\"2944\">\n<p data-start=\"2905\" data-end=\"2944\">Siemens, Omron, Unitronics, Schneider<\/p>\n<\/li>\n<li data-start=\"2945\" data-end=\"2972\">\n<p data-start=\"2947\" data-end=\"2972\">optimizacija regulacije<\/p>\n<\/li>\n<li data-start=\"2973\" data-end=\"3004\">\n<p data-start=\"2975\" data-end=\"3004\">avtomatizacija delovanja HE<\/p>\n<\/li>\n<\/ul>\n<h3 data-start=\"3006\" data-end=\"3057\">3) <strong data-start=\"3013\" data-end=\"3057\">Integracija sistemov za daljinski nadzor<\/strong><\/h3>\n<ul data-start=\"3058\" data-end=\"3116\">\n<li data-start=\"3058\" data-end=\"3067\">\n<p data-start=\"3060\" data-end=\"3067\">SCADA<\/p>\n<\/li>\n<li data-start=\"3068\" data-end=\"3083\">\n<p data-start=\"3070\" data-end=\"3083\">telemetrija<\/p>\n<\/li>\n<li data-start=\"3084\" data-end=\"3116\">\n<p data-start=\"3086\" data-end=\"3116\">poro\u010danje in alarmni sistemi<\/p>\n<\/li>\n<\/ul>\n<h3 data-start=\"3118\" data-end=\"3161\">4) <strong data-start=\"3125\" data-end=\"3161\">Varnostne in za\u0161\u010ditne nadgradnje<\/strong><\/h3>\n<ul data-start=\"3162\" data-end=\"3252\">\n<li data-start=\"3162\" data-end=\"3197\">\n<p data-start=\"3164\" data-end=\"3197\">posodobitev za\u0161\u010ditnih elementov<\/p>\n<\/li>\n<li data-start=\"3198\" data-end=\"3252\">\n<p data-start=\"3200\" data-end=\"3252\">prilagoditve za ve\u010djo zanesljivost in manj izpadov<\/p>\n<\/li>\n<\/ul>\n<\/div>\n<\/div><div class=\"bde-column-608-435 bde-column\">\n  \n  \n\t\n\n\n\n<img decoding=\"async\" class=\"bde-image2-608-437 bde-image2\" src=\"https:\/\/siapro-hydro.devroom.si\/wp-content\/uploads\/2025\/11\/DSCN3047.jpg\" loading=\"lazy\" srcset=\"https:\/\/siapro-hydro.devroom.si\/wp-content\/uploads\/2025\/11\/DSCN3047.jpg 600w, https:\/\/siapro-hydro.devroom.si\/wp-content\/uploads\/2025\/11\/DSCN3047-300x225.jpg 300w, https:\/\/siapro-hydro.devroom.si\/wp-content\/uploads\/2025\/11\/DSCN3047-16x12.jpg 16w\" sizes=\"(max-width: 600px) 100vw, 600px\">\n<\/div><\/div><\/div>\n<\/section><section id=\"podjetja\" class=\"bde-section-608-425 bde-section\">\n  \n  \n\t\n\n\n\n<div class=\"section-container\"><h2 class=\"bde-heading-608-426 bde-heading heading-with-bar\">\nPrednosti posodobitve elektronske opreme\n<\/h2><\/div>\n<\/section><section id=\"podjetja\" class=\"bde-section-608-428 bde-section\">\n  \n  \n\t\n\n\n\n<div class=\"section-container\"><ul class=\"bde-basic-list-608-432 bde-basic-list\">\n  <li  >    \n          zmanj\u0161anje izpadov in okvar,\n      <\/li>\n  <li  >    \n          ve\u010dja u\u010dinkovitost in stabilnost regulacije,\n      <\/li>\n  <li  >    \n          daljinsko vodenje in nadzor,\n      <\/li>\n  <li  >    \n          manj vzdr\u017eevanja,\n      <\/li>\n  <li  >    \n          bolj\u0161a energijska izraba.\n      <\/li>\n<\/ul><\/div>\n<\/section><section class=\"bde-section-608-419 bde-section\">\n  \n  \n\t\n\n\n\n        <div class=\"section-shape-divider-wrapper section-shape-divider-wrapper--1\">\n          <span class=\"section-shape-divider\">\n                      <svg\n                xmlns=\"http:\/\/www.w3.org\/2000\/svg\"\n                viewbox=\"0 0 1440 320\"\n                preserveaspectratio=\"none\"\n            >\n              <path fill=\"currentColor\" fill-opacity=\"1\" d=\"M0,32L40,64C80,96,160,160,240,181.3C320,203,400,181,480,197.3C560,213,640,267,720,261.3C800,256,880,192,960,154.7C1040,117,1120,107,1200,85.3C1280,64,1360,32,1400,16L1440,0L1440,320L1400,320C1360,320,1280,320,1200,320C1120,320,1040,320,960,320C880,320,800,320,720,320C640,320,560,320,480,320C400,320,320,320,240,320C160,320,80,320,40,320L0,320Z\"><\/path>\n            <\/svg>\n                    <\/span>\n      <\/div>\n        <div class=\"section-shape-divider-wrapper section-shape-divider-wrapper--2\">\n          <span class=\"section-shape-divider\">\n                      <svg\n                xmlns=\"http:\/\/www.w3.org\/2000\/svg\"\n                viewbox=\"0 0 1440 320\"\n                preserveaspectratio=\"none\"\n            >\n              <path fill=\"currentColor\" fill-opacity=\"1\" d=\"M0,32L40,64C80,96,160,160,240,181.3C320,203,400,181,480,197.3C560,213,640,267,720,261.3C800,256,880,192,960,154.7C1040,117,1120,107,1200,85.3C1280,64,1360,32,1400,16L1440,0L1440,320L1400,320C1360,320,1280,320,1200,320C1120,320,1040,320,960,320C880,320,800,320,720,320C640,320,560,320,480,320C400,320,320,320,240,320C160,320,80,320,40,320L0,320Z\"><\/path>\n            <\/svg>\n                    <\/span>\n      <\/div>\n  <div class=\"section-container\"><div class=\"bde-div-608-420 bde-div\" data-entrance=\"slideUp\">\n  \n  \n\t\n\n\n\n<div class=\"bde-div-608-421 bde-div\">\n  \n  \n\t\n\n\n\n<h2 class=\"bde-heading-608-422 bde-heading\">\nWould you like an offer or technical advice?\n<\/h2><div class=\"bde-text-608-423 bde-text\">\nOur experts assist you from conceptual design to commissioning.\n<\/div><div class=\"bde-button-608-424 bde-button\">\n    \n                                    \n    \n    \n    \n    \n            \n                    \n            \n            \n\n    \n    \n    \n    \n    \n    <a class=\"breakdance-link button-atom button-atom--custom bde-button__button\" href=\"https:\/\/siapro-hydro.devroom.si\/en\/kontakt\/\" target=\"_self\" data-type=\"url\"  >\n\n    \n        <span class=\"button-atom__text\">CONTACT US<\/span>\n\n        \n        \n                <\/a>\n\n    \n\n\n<\/div>\n<\/div>\n<\/div><\/div>\n<\/section>","protected":false},"excerpt":{"rendered":"<p>Posodobitve elektronske opreme Modernizacija krmilnih sistemov za zanesljivo delovanje hidroelektrarn Ponujamo celovite storitve posodobitve in modernizacije elektronike hidroelektrarn.Na\u0161a ekipa nadgradi zastarele elektro krmilne sisteme, vgradi sodobne PLC re\u0161itve, poskrbi za dokumentacijo in zagotovi popolno avtomatizacijo delovanja mHE ali HE. Kaj vklju\u010dujejo posodobitve elektro opreme? 1) Posodobitev in menjava krmilnih omar nova elektro omara (po meri) [&hellip;]<\/p>","protected":false},"author":1,"featured_media":0,"parent":0,"menu_order":0,"comment_status":"closed","ping_status":"closed","template":"","meta":{"_breakdance_hide_in_design_set":false,"_breakdance_tags":"","footnotes":""},"class_list":["post-608","page","type-page","status-publish","hentry"],"_links":{"self":[{"href":"https:\/\/siapro-hydro.devroom.si\/en\/wp-json\/wp\/v2\/pages\/608","targetHints":{"allow":["GET"]}}],"collection":[{"href":"https:\/\/siapro-hydro.devroom.si\/en\/wp-json\/wp\/v2\/pages"}],"about":[{"href":"https:\/\/siapro-hydro.devroom.si\/en\/wp-json\/wp\/v2\/types\/page"}],"author":[{"embeddable":true,"href":"https:\/\/siapro-hydro.devroom.si\/en\/wp-json\/wp\/v2\/users\/1"}],"replies":[{"embeddable":true,"href":"https:\/\/siapro-hydro.devroom.si\/en\/wp-json\/wp\/v2\/comments?post=608"}],"version-history":[{"count":4,"href":"https:\/\/siapro-hydro.devroom.si\/en\/wp-json\/wp\/v2\/pages\/608\/revisions"}],"predecessor-version":[{"id":669,"href":"https:\/\/siapro-hydro.devroom.si\/en\/wp-json\/wp\/v2\/pages\/608\/revisions\/669"}],"wp:attachment":[{"href":"https:\/\/siapro-hydro.devroom.si\/en\/wp-json\/wp\/v2\/media?parent=608"}],"curies":[{"name":"wp","href":"https:\/\/api.w.org\/{rel}","templated":true}]}}