{"id":618,"date":"2025-11-16T21:06:59","date_gmt":"2025-11-16T20:06:59","guid":{"rendered":"https:\/\/siapro-hydro.devroom.si\/?page_id=618"},"modified":"2025-11-17T08:25:03","modified_gmt":"2025-11-17T07:25:03","slug":"posodobitve-strojne-opreme","status":"publish","type":"page","link":"https:\/\/siapro-hydro.devroom.si\/en\/posodobitve-strojne-opreme\/","title":{"rendered":"Electronic equipment upgrades"},"content":{"rendered":"<section class=\"bde-section-618-316 bde-section\">\n              \n  \n  \n\t\n\n\n\n<div class=\"section-container\"><h1 class=\"bde-heading-618-102 bde-heading\">\nPosodobitve strojne opreme hidroelektrarn\n<\/h1><div class=\"bde-text-618-320 bde-text\">\nModernizacija hidromehanske opreme za dalj\u0161o \u017eivljenjsko dobo HE\n<\/div><\/div>\n<\/section><section class=\"bde-section-618-332 bde-section\">\n  \n  \n\t\n\n\n\n<div class=\"section-container\"><div class=\"bde-text-618-334 bde-text\">\nIzvajamo celovite posodobitve in popravila strojne opreme za hidroelektrarne.<br>Z nadgradnjami hidromehanskih komponent podalj\u0161amo \u017eivljenjsko dobo elektrarne, zmanj\u0161amo stro\u0161ke vzdr\u017eevanja in pove\u010damo operativno varnost.\n<\/div><\/div>\n<\/section><section id=\"podjetja\" class=\"bde-section-618-399 bde-section\">\n  \n  \n\t\n\n\n\n<div class=\"section-container\"><h2 class=\"bde-heading-618-400 bde-heading heading-with-bar\">\nStoritve mehanskih posodobitev\n<\/h2><\/div>\n<\/section><section class=\"bde-section-618-385 bde-section\">\n              \n  \n  \n\t\n\n  <div class=\"section-background-overlay\"><\/div>\n\n\n<div class=\"section-container\"><div class=\"bde-columns-618-433 bde-columns\"><div class=\"bde-column-618-434 bde-column\">\n  \n  \n\t\n\n\n\n<div class=\"bde-rich-text-618-431 bde-rich-text breakdance-rich-text-styles\">\n<h3 data-start=\"4192\" data-end=\"4225\">1) <strong data-start=\"4199\" data-end=\"4225\">Modernizacija zapornic<\/strong><\/h3>\n<ul data-start=\"4226\" data-end=\"4314\">\n<li data-start=\"4226\" data-end=\"4265\">\n<p data-start=\"4228\" data-end=\"4265\">popravila, oja\u010ditve, menjava tesnil<\/p>\n<\/li>\n<li data-start=\"4266\" data-end=\"4314\">\n<p data-start=\"4268\" data-end=\"4314\">nadgradnje pogonov (elektro ali hidravli\u010dni)<\/p>\n<\/li>\n<\/ul>\n<h3 data-start=\"4316\" data-end=\"4355\">2) <strong data-start=\"4323\" data-end=\"4355\">Obnova in posodobitev re\u0161etk<\/strong><\/h3>\n<ul data-start=\"4356\" data-end=\"4450\">\n<li data-start=\"4356\" data-end=\"4381\">\n<p data-start=\"4358\" data-end=\"4381\">grobe in fine re\u0161etke<\/p>\n<\/li>\n<li data-start=\"4382\" data-end=\"4405\">\n<p data-start=\"4384\" data-end=\"4405\">sanacija deformacij<\/p>\n<\/li>\n<li data-start=\"4406\" data-end=\"4450\">\n<p data-start=\"4408\" data-end=\"4450\">prilagoditve pretoku in lokalnim pogojem<\/p>\n<\/li>\n<\/ul>\n<h3 data-start=\"4452\" data-end=\"4491\">3) <strong data-start=\"4459\" data-end=\"4491\">Nadgradnja \u010distilnih strojev<\/strong><\/h3>\n<ul data-start=\"4492\" data-end=\"4560\">\n<li data-start=\"4492\" data-end=\"4505\">\n<p data-start=\"4494\" data-end=\"4505\">popravila<\/p>\n<\/li>\n<li data-start=\"4506\" data-end=\"4522\">\n<p data-start=\"4508\" data-end=\"4522\">optimizacije<\/p>\n<\/li>\n<li data-start=\"4523\" data-end=\"4560\">\n<p data-start=\"4525\" data-end=\"4560\">vgradnja novih \u010distilnih sistemov<\/p>\n<\/li>\n<\/ul>\n<h3 data-start=\"4562\" data-end=\"4607\">4) <strong data-start=\"4569\" data-end=\"4607\">Posodobitve hidravli\u010dnih agregatov<\/strong><\/h3>\n<ul data-start=\"4608\" data-end=\"4683\">\n<li data-start=\"4608\" data-end=\"4629\">\n<p data-start=\"4610\" data-end=\"4629\">menjava komponent<\/p>\n<\/li>\n<li data-start=\"4630\" data-end=\"4663\">\n<p data-start=\"4632\" data-end=\"4663\">optimizacija tlaka in pretoka<\/p>\n<\/li>\n<li data-start=\"4664\" data-end=\"4683\">\n<p data-start=\"4666\" data-end=\"4683\">odprava pu\u0161\u010danj<\/p>\n<\/li>\n<\/ul>\n<h3 data-start=\"4685\" data-end=\"4731\">5) <strong data-start=\"4692\" data-end=\"4731\">Vzdr\u017eevanje mehanske infrastrukture<\/strong><\/h3>\n<ul data-start=\"4732\" data-end=\"4797\">\n<li data-start=\"4732\" data-end=\"4756\">\n<p data-start=\"4734\" data-end=\"4756\">turbine surroundings<\/p>\n<\/li>\n<li data-start=\"4757\" data-end=\"4779\">\n<p data-start=\"4759\" data-end=\"4779\">dostopne platforme<\/p>\n<\/li>\n<li data-start=\"4780\" data-end=\"4797\">\n<p data-start=\"4782\" data-end=\"4797\">servisne poti<\/p>\n<\/li>\n<\/ul>\n<\/div>\n<\/div><div class=\"bde-column-618-435 bde-column\">\n  \n  \n\t\n\n\n\n<img decoding=\"async\" class=\"bde-image2-618-439 bde-image2\" src=\"https:\/\/siapro-hydro.devroom.si\/wp-content\/uploads\/2025\/11\/servis_service.jpg\" loading=\"lazy\" srcset=\"https:\/\/siapro-hydro.devroom.si\/wp-content\/uploads\/2025\/11\/servis_service.jpg 800w, https:\/\/siapro-hydro.devroom.si\/wp-content\/uploads\/2025\/11\/servis_service-300x225.jpg 300w, https:\/\/siapro-hydro.devroom.si\/wp-content\/uploads\/2025\/11\/servis_service-768x576.jpg 768w, https:\/\/siapro-hydro.devroom.si\/wp-content\/uploads\/2025\/11\/servis_service-16x12.jpg 16w\" sizes=\"(max-width: 800px) 100vw, 800px\"><div class=\"bde-gallery-618-438 bde-gallery\">\n\n\n  \n\n\n\n\n\n\n\n\n\n\n<div class=\"ee-gallery ee-gallery--default ee-gallery--grid ee-gallery--single ee-gallery--lightbox ee-gallery-- ee-gallery--caption- ee-gallery--caption-none ee-gallery--ratio\">\n                  \n      <a class=\"ee-gallery-item ee-gallery-item--image ee-gallery-item--single\" href=\"https:\/\/siapro-hydro.devroom.si\/wp-content\/uploads\/2025\/11\/siapro_hidroelektrarne.jpg\"  data-sub-html=\"<span><\/span>\" data-category=\"1\"                  data-lg-size=\"900-675\"\n\n      >\n        <figure class=\"ee-gallery-item-figure\">\n                        <img decoding=\"async\" class=\"breakdance-image-object\" src=\"https:\/\/siapro-hydro.devroom.si\/wp-content\/uploads\/2025\/11\/siapro_hidroelektrarne.jpg\" width=\"900\" height=\"675\" srcset=\"https:\/\/siapro-hydro.devroom.si\/wp-content\/uploads\/2025\/11\/siapro_hidroelektrarne.jpg 900w, https:\/\/siapro-hydro.devroom.si\/wp-content\/uploads\/2025\/11\/siapro_hidroelektrarne-300x225.jpg 300w, https:\/\/siapro-hydro.devroom.si\/wp-content\/uploads\/2025\/11\/siapro_hidroelektrarne-768x576.jpg 768w, https:\/\/siapro-hydro.devroom.si\/wp-content\/uploads\/2025\/11\/siapro_hidroelektrarne-16x12.jpg 16w\" sizes=\"auto, (max-width: 900px) 100vw, 900px\" loading=\"lazy\">\n          \n                  <\/figure>\n      <\/a>\n\n                \n      <a class=\"ee-gallery-item ee-gallery-item--image ee-gallery-item--single\" href=\"https:\/\/siapro-hydro.devroom.si\/wp-content\/uploads\/2025\/11\/05_mhe_5.jpg\"  data-sub-html=\"<span><\/span>\" data-category=\"1\"                  data-lg-size=\"568-426\"\n\n      >\n        <figure class=\"ee-gallery-item-figure\">\n                        <img decoding=\"async\" class=\"breakdance-image-object\" src=\"https:\/\/siapro-hydro.devroom.si\/wp-content\/uploads\/2025\/11\/05_mhe_5.jpg\" width=\"568\" height=\"426\" srcset=\"https:\/\/siapro-hydro.devroom.si\/wp-content\/uploads\/2025\/11\/05_mhe_5.jpg 568w, https:\/\/siapro-hydro.devroom.si\/wp-content\/uploads\/2025\/11\/05_mhe_5-300x225.jpg 300w, https:\/\/siapro-hydro.devroom.si\/wp-content\/uploads\/2025\/11\/05_mhe_5-16x12.jpg 16w\" sizes=\"auto, (max-width: 568px) 100vw, 568px\" loading=\"lazy\">\n          \n                  <\/figure>\n      <\/a>\n\n                \n      <a class=\"ee-gallery-item ee-gallery-item--image ee-gallery-item--single\" href=\"https:\/\/siapro-hydro.devroom.si\/wp-content\/uploads\/2025\/11\/Siapro_hydropower_plant_reference_in_Serbia__Francis_turbine_0c.jpg\"  data-sub-html=\"<span><\/span>\" data-category=\"1\"                  data-lg-size=\"600-450\"\n\n      >\n        <figure class=\"ee-gallery-item-figure\">\n                        <img decoding=\"async\" class=\"breakdance-image-object\" src=\"https:\/\/siapro-hydro.devroom.si\/wp-content\/uploads\/2025\/11\/Siapro_hydropower_plant_reference_in_Serbia__Francis_turbine_0c.jpg\" width=\"600\" height=\"450\" srcset=\"https:\/\/siapro-hydro.devroom.si\/wp-content\/uploads\/2025\/11\/Siapro_hydropower_plant_reference_in_Serbia__Francis_turbine_0c.jpg 600w, https:\/\/siapro-hydro.devroom.si\/wp-content\/uploads\/2025\/11\/Siapro_hydropower_plant_reference_in_Serbia__Francis_turbine_0c-300x225.jpg 300w, https:\/\/siapro-hydro.devroom.si\/wp-content\/uploads\/2025\/11\/Siapro_hydropower_plant_reference_in_Serbia__Francis_turbine_0c-16x12.jpg 16w\" sizes=\"auto, (max-width: 600px) 100vw, 600px\" loading=\"lazy\">\n          \n                  <\/figure>\n      <\/a>\n\n                \n      <a class=\"ee-gallery-item ee-gallery-item--image ee-gallery-item--single\" href=\"https:\/\/siapro-hydro.devroom.si\/wp-content\/uploads\/2025\/11\/IMGP1178.jpg\"  data-sub-html=\"<span><\/span>\" data-category=\"1\"                  data-lg-size=\"480-360\"\n\n      >\n        <figure class=\"ee-gallery-item-figure\">\n                        <img decoding=\"async\" class=\"breakdance-image-object\" src=\"https:\/\/siapro-hydro.devroom.si\/wp-content\/uploads\/2025\/11\/IMGP1178.jpg\" width=\"480\" height=\"360\" srcset=\"https:\/\/siapro-hydro.devroom.si\/wp-content\/uploads\/2025\/11\/IMGP1178.jpg 480w, https:\/\/siapro-hydro.devroom.si\/wp-content\/uploads\/2025\/11\/IMGP1178-300x225.jpg 300w, https:\/\/siapro-hydro.devroom.si\/wp-content\/uploads\/2025\/11\/IMGP1178-16x12.jpg 16w\" sizes=\"auto, (max-width: 480px) 100vw, 480px\" loading=\"lazy\">\n          \n                  <\/figure>\n      <\/a>\n\n                \n      <a class=\"ee-gallery-item ee-gallery-item--image ee-gallery-item--single\" href=\"https:\/\/siapro-hydro.devroom.si\/wp-content\/uploads\/2025\/11\/servis_service.jpg\"  data-sub-html=\"<span><\/span>\" data-category=\"1\"                  data-lg-size=\"800-600\"\n\n      >\n        <figure class=\"ee-gallery-item-figure\">\n                        <img decoding=\"async\" class=\"breakdance-image-object\" src=\"https:\/\/siapro-hydro.devroom.si\/wp-content\/uploads\/2025\/11\/servis_service.jpg\" width=\"800\" height=\"600\" srcset=\"https:\/\/siapro-hydro.devroom.si\/wp-content\/uploads\/2025\/11\/servis_service.jpg 800w, https:\/\/siapro-hydro.devroom.si\/wp-content\/uploads\/2025\/11\/servis_service-300x225.jpg 300w, https:\/\/siapro-hydro.devroom.si\/wp-content\/uploads\/2025\/11\/servis_service-768x576.jpg 768w, https:\/\/siapro-hydro.devroom.si\/wp-content\/uploads\/2025\/11\/servis_service-16x12.jpg 16w\" sizes=\"auto, (max-width: 800px) 100vw, 800px\" loading=\"lazy\">\n          \n                  <\/figure>\n      <\/a>\n\n      \n  <\/div>\n\n\n\n<\/div>\n<\/div><\/div><\/div>\n<\/section><section id=\"podjetja\" class=\"bde-section-618-425 bde-section\">\n  \n  \n\t\n\n\n\n<div class=\"section-container\"><h2 class=\"bde-heading-618-426 bde-heading heading-with-bar\">\nPrednosti mehanskih posodobitev\n<\/h2><\/div>\n<\/section><section id=\"podjetja\" class=\"bde-section-618-428 bde-section\">\n  \n  \n\t\n\n\n\n<div class=\"section-container\"><ul class=\"bde-basic-list-618-432 bde-basic-list\">\n  <li  >    \n          ve\u010dja zanesljivost,\n      <\/li>\n  <li  >    \n          zmanj\u0161ani stro\u0161ki vzdr\u017eevanja,\n      <\/li>\n  <li  >    \n          podalj\u0161ana \u017eivljenjska doba opreme,\n      <\/li>\n  <li  >    \n          optimalno delovanje postaje.\n      <\/li>\n<\/ul><\/div>\n<\/section><section class=\"bde-section-618-419 bde-section\">\n  \n  \n\t\n\n\n\n        <div class=\"section-shape-divider-wrapper section-shape-divider-wrapper--1\">\n          <span class=\"section-shape-divider\">\n                      <svg\n                xmlns=\"http:\/\/www.w3.org\/2000\/svg\"\n                viewbox=\"0 0 1440 320\"\n                preserveaspectratio=\"none\"\n            >\n              <path fill=\"currentColor\" fill-opacity=\"1\" d=\"M0,32L40,64C80,96,160,160,240,181.3C320,203,400,181,480,197.3C560,213,640,267,720,261.3C800,256,880,192,960,154.7C1040,117,1120,107,1200,85.3C1280,64,1360,32,1400,16L1440,0L1440,320L1400,320C1360,320,1280,320,1200,320C1120,320,1040,320,960,320C880,320,800,320,720,320C640,320,560,320,480,320C400,320,320,320,240,320C160,320,80,320,40,320L0,320Z\"><\/path>\n            <\/svg>\n                    <\/span>\n      <\/div>\n        <div class=\"section-shape-divider-wrapper section-shape-divider-wrapper--2\">\n          <span class=\"section-shape-divider\">\n                      <svg\n                xmlns=\"http:\/\/www.w3.org\/2000\/svg\"\n                viewbox=\"0 0 1440 320\"\n                preserveaspectratio=\"none\"\n            >\n              <path fill=\"currentColor\" fill-opacity=\"1\" d=\"M0,32L40,64C80,96,160,160,240,181.3C320,203,400,181,480,197.3C560,213,640,267,720,261.3C800,256,880,192,960,154.7C1040,117,1120,107,1200,85.3C1280,64,1360,32,1400,16L1440,0L1440,320L1400,320C1360,320,1280,320,1200,320C1120,320,1040,320,960,320C880,320,800,320,720,320C640,320,560,320,480,320C400,320,320,320,240,320C160,320,80,320,40,320L0,320Z\"><\/path>\n            <\/svg>\n                    <\/span>\n      <\/div>\n  <div class=\"section-container\"><div class=\"bde-div-618-420 bde-div\" data-entrance=\"slideUp\">\n  \n  \n\t\n\n\n\n<div class=\"bde-div-618-421 bde-div\">\n  \n  \n\t\n\n\n\n<h3 class=\"bde-heading-618-422 bde-heading\">\n\u017delite preveriti stanje strojne opreme ali potrebujete posodobitev?\n<\/h3><div class=\"bde-text-618-423 bde-text\">\nPi\u0161ite nam.\n<\/div><div class=\"bde-button-618-424 bde-button\">\n    \n                                    \n    \n    \n    \n    \n            \n                    \n            \n            \n\n    \n    \n    \n    \n    \n    <a class=\"breakdance-link button-atom button-atom--custom bde-button__button\" href=\"https:\/\/siapro-hydro.devroom.si\/en\/kontakt\/\" target=\"_self\" data-type=\"url\"  >\n\n    \n        <span class=\"button-atom__text\">CONTACT US<\/span>\n\n        \n        \n                <\/a>\n\n    \n\n\n<\/div>\n<\/div>\n<\/div><\/div>\n<\/section>","protected":false},"excerpt":{"rendered":"<p>Posodobitve strojne opreme hidroelektrarn Modernizacija hidromehanske opreme za dalj\u0161o \u017eivljenjsko dobo HE Izvajamo celovite posodobitve in popravila strojne opreme za hidroelektrarne.Z nadgradnjami hidromehanskih komponent podalj\u0161amo \u017eivljenjsko dobo elektrarne, zmanj\u0161amo stro\u0161ke vzdr\u017eevanja in pove\u010damo operativno varnost. Storitve mehanskih posodobitev 1) Modernizacija zapornic popravila, oja\u010ditve, menjava tesnil nadgradnje pogonov (elektro ali hidravli\u010dni) 2) Obnova in posodobitev re\u0161etk [&hellip;]<\/p>","protected":false},"author":1,"featured_media":0,"parent":0,"menu_order":0,"comment_status":"closed","ping_status":"closed","template":"","meta":{"_breakdance_hide_in_design_set":false,"_breakdance_tags":"","footnotes":""},"class_list":["post-618","page","type-page","status-publish","hentry"],"_links":{"self":[{"href":"https:\/\/siapro-hydro.devroom.si\/en\/wp-json\/wp\/v2\/pages\/618","targetHints":{"allow":["GET"]}}],"collection":[{"href":"https:\/\/siapro-hydro.devroom.si\/en\/wp-json\/wp\/v2\/pages"}],"about":[{"href":"https:\/\/siapro-hydro.devroom.si\/en\/wp-json\/wp\/v2\/types\/page"}],"author":[{"embeddable":true,"href":"https:\/\/siapro-hydro.devroom.si\/en\/wp-json\/wp\/v2\/users\/1"}],"replies":[{"embeddable":true,"href":"https:\/\/siapro-hydro.devroom.si\/en\/wp-json\/wp\/v2\/comments?post=618"}],"version-history":[{"count":5,"href":"https:\/\/siapro-hydro.devroom.si\/en\/wp-json\/wp\/v2\/pages\/618\/revisions"}],"predecessor-version":[{"id":668,"href":"https:\/\/siapro-hydro.devroom.si\/en\/wp-json\/wp\/v2\/pages\/618\/revisions\/668"}],"wp:attachment":[{"href":"https:\/\/siapro-hydro.devroom.si\/en\/wp-json\/wp\/v2\/media?parent=618"}],"curies":[{"name":"wp","href":"https:\/\/api.w.org\/{rel}","templated":true}]}}